{"id":68,"date":"2021-06-07T08:52:21","date_gmt":"2021-06-07T08:52:21","guid":{"rendered":"https:\/\/new-irina.novaworks.net\/?page_id=68"},"modified":"2024-02-22T17:23:32","modified_gmt":"2024-02-22T14:23:32","slug":"kurumsal","status":"publish","type":"page","link":"https:\/\/lveel.com.tr\/test\/kurumsal\/","title":{"rendered":"Kurumsal"},"content":{"rendered":"\t\t<div data-elementor-type=\"wp-page\" data-elementor-id=\"68\" class=\"elementor elementor-68\" data-elementor-post-type=\"page\">\n\t\t\t\t<div class=\"elementor-element elementor-element-b3e6052 e-flex e-con-boxed e-con e-parent\" data-id=\"b3e6052\" data-element_type=\"container\" data-settings=\"{&quot;background_background&quot;:&quot;classic&quot;,&quot;_ha_eqh_enable&quot;:false}\" data-core-v316-plus=\"true\">\n\t\t\t\t\t<div class=\"e-con-inner\">\n\t\t\t\t\t<\/div>\n\t\t\t\t<\/div>\n\t\t<div class=\"elementor-element elementor-element-b2d7234 e-flex e-con-boxed e-con e-parent\" data-id=\"b2d7234\" data-element_type=\"container\" data-settings=\"{&quot;_ha_eqh_enable&quot;:false}\" data-core-v316-plus=\"true\">\n\t\t\t\t\t<div class=\"e-con-inner\">\n\t\t\t\t<div class=\"elementor-element elementor-element-445dcb0 elementor-widget elementor-widget-heading\" data-id=\"445dcb0\" data-element_type=\"widget\" data-widget_type=\"heading.default\">\n\t\t\t\t<div class=\"elementor-widget-container\">\n\t\t\t<style>\/*! elementor - v3.20.0 - 26-03-2024 *\/\n.elementor-heading-title{padding:0;margin:0;line-height:1}.elementor-widget-heading .elementor-heading-title[class*=elementor-size-]>a{color:inherit;font-size:inherit;line-height:inherit}.elementor-widget-heading .elementor-heading-title.elementor-size-small{font-size:15px}.elementor-widget-heading .elementor-heading-title.elementor-size-medium{font-size:19px}.elementor-widget-heading .elementor-heading-title.elementor-size-large{font-size:29px}.elementor-widget-heading .elementor-heading-title.elementor-size-xl{font-size:39px}.elementor-widget-heading .elementor-heading-title.elementor-size-xxl{font-size:59px}<\/style><h2 class=\"elementor-heading-title elementor-size-default\">KURUMSAL<\/h2>\t\t<\/div>\n\t\t\t\t<\/div>\n\t\t\t\t<div class=\"elementor-element elementor-element-a421c27 elementor-widget elementor-widget-text-editor\" data-id=\"a421c27\" data-element_type=\"widget\" data-widget_type=\"text-editor.default\">\n\t\t\t\t<div class=\"elementor-widget-container\">\n\t\t\t<style>\/*! elementor - v3.20.0 - 26-03-2024 *\/\n.elementor-widget-text-editor.elementor-drop-cap-view-stacked .elementor-drop-cap{background-color:#69727d;color:#fff}.elementor-widget-text-editor.elementor-drop-cap-view-framed .elementor-drop-cap{color:#69727d;border:3px solid;background-color:transparent}.elementor-widget-text-editor:not(.elementor-drop-cap-view-default) .elementor-drop-cap{margin-top:8px}.elementor-widget-text-editor:not(.elementor-drop-cap-view-default) .elementor-drop-cap-letter{width:1em;height:1em}.elementor-widget-text-editor .elementor-drop-cap{float:left;text-align:center;line-height:1;font-size:50px}.elementor-widget-text-editor .elementor-drop-cap-letter{display:inline-block}<\/style>\t\t\t\t<p>STEMTURK, en son bioteknolojileri izlemekte, \u00dcR-GE ve AR-GE faaliyetlerini uzman doktorlar\u0131n ve deneyimli ekibinin g\u00f6r\u00fc\u015fleri do\u011frultusunda y\u00fcr\u00fcterek, en g\u00fcvenilir, en yeni teknoloji \u00fcr\u00fcn ve hizmetleri kullan\u0131c\u0131lar\u0131na sunmaktad\u0131r.<br \/><br \/>Plastik cerrahi, dermatoloji, medikal estetik, ortopedi, spor hekimli\u011fi, fizik tedavi, kalp damar cerrahi gibi bir\u00e7ok bran\u015fta PRP, farkl\u0131 kaynaklardan elde edilen otolog k\u00f6k h\u00fccre sistemleri, eksozom ve lipozom gibi biyoteknolojilerle ilgili \u00f6zg\u00fcn \u00fcr\u00fcn ve sistemlerin \u00fcretimi, tedari\u011fi, dan\u0131\u015fmanl\u0131k ve e\u011fitimi, prosesin icras\u0131na y\u00f6nelik hizmetleri sa\u011flamaktad\u0131r.<br \/><br \/>L&#8217;VEEL: Her\u015feyin ayr\u0131nt\u0131s\u0131nda bilim oldu\u011fu gibi Kozmetik ve Dermokozmetikte de bir bilim ve s\u00fcrekli geli\u015fen bir teknoloji var.<br \/>En do\u011fru etken maddenin bulunmas\u0131, birbirine yard\u0131mc\u0131 \u00fcr\u00fcnlerle bir araya gelmesi, etken maddelerin sinerjik g\u00fcc\u00fcn\u00fcn ortaya \u00e7\u0131kar\u0131lmas\u0131, stabilitenin korunmas\u0131 ve hedefe ula\u015f\u0131m\u0131n\u0131n sa\u011flanmas\u0131\u2026.bunun gibi d\u00fc\u015f\u00fcnceler yeni teknolojileri ara\u015ft\u0131rmay\u0131 da beraberinde getirmi\u015ftir. <br \/>Uzun s\u00fcre yap\u0131lan AR-GE \u00e7al\u0131\u015fmalar\u0131, kullan\u0131m amac\u0131na g\u00f6re \u00fcretilmi\u015f y\u00fcksek kalitede etken maddeler ve bunlar\u0131n Lipozomal teknoloji ile birle\u015ftirilmesiyle L\u2019veel Lipozomal Cilt Bak\u0131m \u00fcr\u00fcnleri ve L\u2019veel Premium \u00dcr\u00fcn serisi\u2019nin ortaya \u00e7\u0131kmas\u0131n\u0131 sa\u011flam\u0131\u015ft\u0131r.<\/p>\t\t\t\t\t\t<\/div>\n\t\t\t\t<\/div>\n\t\t\t\t\t<\/div>\n\t\t\t\t<\/div>\n\t\t\t\t<\/div>\n\t\t","protected":false},"excerpt":{"rendered":"<p>KURUMSAL STEMTURK, en son bioteknolojileri izlemekte, \u00dcR-GE ve AR-GE faaliyetlerini uzman doktorlar\u0131n ve deneyimli ekibinin g\u00f6r\u00fc\u015fleri do\u011frultusunda y\u00fcr\u00fcterek, en g\u00fcvenilir, en yeni teknoloji \u00fcr\u00fcn ve hizmetleri kullan\u0131c\u0131lar\u0131na sunmaktad\u0131r. Plastik cerrahi, dermatoloji, medikal estetik, ortopedi, spor hekimli\u011fi, fizik tedavi, kalp damar cerrahi gibi bir\u00e7ok bran\u015fta PRP, farkl\u0131 kaynaklardan elde edilen otolog k\u00f6k h\u00fccre sistemleri, eksozom ve [&hellip;]<\/p>\n","protected":false},"author":1,"featured_media":0,"parent":0,"menu_order":0,"comment_status":"closed","ping_status":"closed","template":"","meta":{"footnotes":""},"categories":[],"class_list":["post-68","page","type-page","status-publish","hentry"],"lang":"tr","translations":{"tr":68,"en":4068,"ru":4806,"de":4852},"pll_sync_post":[],"_links":{"self":[{"href":"https:\/\/lveel.com.tr\/test\/wp-json\/wp\/v2\/pages\/68","targetHints":{"allow":["GET"]}}],"collection":[{"href":"https:\/\/lveel.com.tr\/test\/wp-json\/wp\/v2\/pages"}],"about":[{"href":"https:\/\/lveel.com.tr\/test\/wp-json\/wp\/v2\/types\/page"}],"author":[{"embeddable":true,"href":"https:\/\/lveel.com.tr\/test\/wp-json\/wp\/v2\/users\/1"}],"replies":[{"embeddable":true,"href":"https:\/\/lveel.com.tr\/test\/wp-json\/wp\/v2\/comments?post=68"}],"version-history":[{"count":41,"href":"https:\/\/lveel.com.tr\/test\/wp-json\/wp\/v2\/pages\/68\/revisions"}],"predecessor-version":[{"id":4125,"href":"https:\/\/lveel.com.tr\/test\/wp-json\/wp\/v2\/pages\/68\/revisions\/4125"}],"wp:attachment":[{"href":"https:\/\/lveel.com.tr\/test\/wp-json\/wp\/v2\/media?parent=68"}],"wp:term":[{"taxonomy":"category","embeddable":true,"href":"https:\/\/lveel.com.tr\/test\/wp-json\/wp\/v2\/categories?post=68"}],"curies":[{"name":"wp","href":"https:\/\/api.w.org\/{rel}","templated":true}]}}