{"id":4889,"date":"2024-04-13T18:15:38","date_gmt":"2024-04-13T15:15:38","guid":{"rendered":"https:\/\/lveel.com.tr\/test\/?page_id=4889"},"modified":"2024-04-15T14:03:20","modified_gmt":"2024-04-15T11:03:20","slug":"liposomales-ultra-feuchtigkeitsserum","status":"publish","type":"page","link":"https:\/\/lveel.com.tr\/test\/de\/liposomales-ultra-feuchtigkeitsserum\/","title":{"rendered":"Liposomales Ultra-Feuchtigkeitsserum"},"content":{"rendered":"\t\t<div data-elementor-type=\"wp-page\" data-elementor-id=\"4889\" class=\"elementor elementor-4889\" data-elementor-post-type=\"page\">\n\t\t\t\t<div class=\"elementor-element elementor-element-12c2188 e-flex e-con-boxed elementor-invisible e-con e-parent\" data-id=\"12c2188\" data-element_type=\"container\" data-settings=\"{&quot;background_background&quot;:&quot;gradient&quot;,&quot;animation&quot;:&quot;fadeInDown&quot;,&quot;_ha_eqh_enable&quot;:false}\" data-core-v316-plus=\"true\">\n\t\t\t\t\t<div class=\"e-con-inner\">\n\t\t\t\t<div class=\"elementor-element elementor-element-d2adf7b elementor-widget elementor-widget-heading\" data-id=\"d2adf7b\" data-element_type=\"widget\" data-widget_type=\"heading.default\">\n\t\t\t\t<div class=\"elementor-widget-container\">\n\t\t\t<style>\/*! elementor - v3.20.0 - 26-03-2024 *\/\n.elementor-heading-title{padding:0;margin:0;line-height:1}.elementor-widget-heading .elementor-heading-title[class*=elementor-size-]>a{color:inherit;font-size:inherit;line-height:inherit}.elementor-widget-heading .elementor-heading-title.elementor-size-small{font-size:15px}.elementor-widget-heading .elementor-heading-title.elementor-size-medium{font-size:19px}.elementor-widget-heading .elementor-heading-title.elementor-size-large{font-size:29px}.elementor-widget-heading .elementor-heading-title.elementor-size-xl{font-size:39px}.elementor-widget-heading .elementor-heading-title.elementor-size-xxl{font-size:59px}<\/style><h2 class=\"elementor-heading-title elementor-size-default\"><b>L\u2019VEEL <\/b>Liposomal BIOTECHNOLOGY<\/h2>\t\t<\/div>\n\t\t\t\t<\/div>\n\t\t\t\t\t<\/div>\n\t\t\t\t<\/div>\n\t\t<div class=\"elementor-element elementor-element-9e7699a e-con-full e-flex elementor-invisible e-con e-parent\" data-id=\"9e7699a\" data-element_type=\"container\" data-settings=\"{&quot;background_background&quot;:&quot;classic&quot;,&quot;animation&quot;:&quot;fadeInDown&quot;,&quot;animation_delay&quot;:100,&quot;_ha_eqh_enable&quot;:false}\" data-core-v316-plus=\"true\">\n\t\t\t\t<\/div>\n\t\t<div class=\"elementor-element elementor-element-c12604a e-flex e-con-boxed elementor-invisible e-con e-parent\" data-id=\"c12604a\" data-element_type=\"container\" data-settings=\"{&quot;background_background&quot;:&quot;classic&quot;,&quot;animation&quot;:&quot;fadeInDown&quot;,&quot;animation_delay&quot;:200,&quot;_ha_eqh_enable&quot;:false}\" data-core-v316-plus=\"true\">\n\t\t\t\t\t<div class=\"e-con-inner\">\n\t\t\t\t<div class=\"elementor-element elementor-element-75615f1 elementor-widget elementor-widget-heading\" data-id=\"75615f1\" data-element_type=\"widget\" data-widget_type=\"heading.default\">\n\t\t\t\t<div class=\"elementor-widget-container\">\n\t\t\t<h1 class=\"elementor-heading-title elementor-size-default\">Liposomales Ultra-Feuchtigkeitsserum<\/h1>\t\t<\/div>\n\t\t\t\t<\/div>\n\t\t\t\t\t<\/div>\n\t\t\t\t<\/div>\n\t\t<div class=\"elementor-element elementor-element-9f8a714 e-con-full e-flex elementor-invisible e-con e-parent\" data-id=\"9f8a714\" data-element_type=\"container\" data-settings=\"{&quot;animation&quot;:&quot;fadeInDown&quot;,&quot;animation_delay&quot;:200,&quot;_ha_eqh_enable&quot;:false}\" data-core-v316-plus=\"true\">\n\t\t<div class=\"elementor-element elementor-element-eb0c305 e-con-full e-flex e-con e-child\" data-id=\"eb0c305\" data-element_type=\"container\" data-settings=\"{&quot;_ha_eqh_enable&quot;:false}\">\n\t\t\t\t<div class=\"elementor-element elementor-element-754bb31 elementor-widget elementor-widget-image\" data-id=\"754bb31\" data-element_type=\"widget\" data-widget_type=\"image.default\">\n\t\t\t\t<div class=\"elementor-widget-container\">\n\t\t\t<style>\/*! elementor - v3.20.0 - 26-03-2024 *\/\n.elementor-widget-image{text-align:center}.elementor-widget-image a{display:inline-block}.elementor-widget-image a img[src$=\".svg\"]{width:48px}.elementor-widget-image img{vertical-align:middle;display:inline-block}<\/style>\t\t\t\t\t\t\t\t\t\t<img fetchpriority=\"high\" decoding=\"async\" width=\"1821\" height=\"75\" src=\"https:\/\/lveel.com.tr\/test\/wp-content\/uploads\/alt-siyah.png\" class=\"attachment-full size-full wp-image-4237\" alt=\"\" srcset=\"https:\/\/lveel.com.tr\/test\/wp-content\/uploads\/alt-siyah.png 1821w, https:\/\/lveel.com.tr\/test\/wp-content\/uploads\/alt-siyah-800x33.png 800w, https:\/\/lveel.com.tr\/test\/wp-content\/uploads\/alt-siyah-1024x42.png 1024w, https:\/\/lveel.com.tr\/test\/wp-content\/uploads\/alt-siyah-500x21.png 500w, https:\/\/lveel.com.tr\/test\/wp-content\/uploads\/alt-siyah-768x32.png 768w, https:\/\/lveel.com.tr\/test\/wp-content\/uploads\/alt-siyah-1536x63.png 1536w, https:\/\/lveel.com.tr\/test\/wp-content\/uploads\/alt-siyah-1200x49.png 1200w\" sizes=\"(max-width: 1821px) 100vw, 1821px\" \/>\t\t\t\t\t\t\t\t\t\t\t\t\t<\/div>\n\t\t\t\t<\/div>\n\t\t\t\t<\/div>\n\t\t\t\t<\/div>\n\t\t<div class=\"elementor-element elementor-element-8842d9a e-con-full e-flex e-con e-parent\" data-id=\"8842d9a\" data-element_type=\"container\" data-settings=\"{&quot;background_background&quot;:&quot;classic&quot;,&quot;_ha_eqh_enable&quot;:false}\" data-core-v316-plus=\"true\">\n\t\t<div class=\"elementor-element elementor-element-59046ec e-con-full e-flex e-con e-child\" data-id=\"59046ec\" data-element_type=\"container\" data-settings=\"{&quot;background_background&quot;:&quot;classic&quot;,&quot;_ha_eqh_enable&quot;:false}\">\n\t\t<div class=\"elementor-element elementor-element-32ba794 e-con-full e-flex elementor-invisible e-con e-child\" data-id=\"32ba794\" data-element_type=\"container\" data-settings=\"{&quot;animation&quot;:&quot;fadeInLeft&quot;,&quot;animation_delay&quot;:250,&quot;_ha_eqh_enable&quot;:false}\">\n\t\t\t\t<div class=\"elementor-element elementor-element-d23028c elementor-arrows-position-inside elementor-widget elementor-widget-image-carousel\" data-id=\"d23028c\" data-element_type=\"widget\" data-settings=\"{&quot;slides_to_show&quot;:&quot;1&quot;,&quot;navigation&quot;:&quot;arrows&quot;,&quot;autoplay&quot;:&quot;yes&quot;,&quot;pause_on_hover&quot;:&quot;yes&quot;,&quot;pause_on_interaction&quot;:&quot;yes&quot;,&quot;autoplay_speed&quot;:5000,&quot;infinite&quot;:&quot;yes&quot;,&quot;effect&quot;:&quot;slide&quot;,&quot;speed&quot;:500}\" data-widget_type=\"image-carousel.default\">\n\t\t\t\t<div class=\"elementor-widget-container\">\n\t\t\t<style>\/*! elementor - v3.20.0 - 26-03-2024 *\/\n.elementor-widget-image-carousel .swiper,.elementor-widget-image-carousel .swiper-container{position:static}.elementor-widget-image-carousel .swiper-container .swiper-slide figure,.elementor-widget-image-carousel .swiper .swiper-slide figure{line-height:inherit}.elementor-widget-image-carousel .swiper-slide{text-align:center}.elementor-image-carousel-wrapper:not(.swiper-container-initialized):not(.swiper-initialized) .swiper-slide{max-width:calc(100% \/ var(--e-image-carousel-slides-to-show, 3))}<\/style>\t\t<div class=\"elementor-image-carousel-wrapper swiper\" dir=\"ltr\">\n\t\t\t<div class=\"elementor-image-carousel swiper-wrapper\" aria-live=\"off\">\n\t\t\t\t\t\t\t\t<div class=\"swiper-slide\" role=\"group\" aria-roledescription=\"slide\" aria-label=\"1 \/ 3\"><a data-elementor-open-lightbox=\"yes\" data-elementor-lightbox-slideshow=\"d23028c\" data-elementor-lightbox-title=\"Liposomal Ultra Hydrating Serum\" data-e-action-hash=\"#elementor-action%3Aaction%3Dlightbox%26settings%3DeyJpZCI6NDA0MSwidXJsIjoiaHR0cHM6XC9cL2x2ZWVsLmNvbS50clwvdGVzdFwvd3AtY29udGVudFwvdXBsb2Fkc1wvMjAyNFwvMDFcL0xpcG9zb21hbC1VbHRyYS1IeWRyYXRpbmctU2VydW0uanBnIiwic2xpZGVzaG93IjoiZDIzMDI4YyJ9\" href=\"https:\/\/lveel.com.tr\/test\/wp-content\/uploads\/2024\/01\/Liposomal-Ultra-Hydrating-Serum.jpg\"><figure class=\"swiper-slide-inner\"><img decoding=\"async\" class=\"swiper-slide-image\" src=\"https:\/\/lveel.com.tr\/test\/wp-content\/uploads\/2024\/01\/Liposomal-Ultra-Hydrating-Serum.jpg\" alt=\"Liposomal Ultra Hydrating Serum\" \/><\/figure><\/a><\/div><div class=\"swiper-slide\" role=\"group\" aria-roledescription=\"slide\" aria-label=\"2 \/ 3\"><a data-elementor-open-lightbox=\"yes\" data-elementor-lightbox-slideshow=\"d23028c\" data-elementor-lightbox-title=\"Liposomal Ultra Hydrating Serum\" data-e-action-hash=\"#elementor-action%3Aaction%3Dlightbox%26settings%3DeyJpZCI6MzU1NSwidXJsIjoiaHR0cHM6XC9cL2x2ZWVsLmNvbS50clwvdGVzdFwvd3AtY29udGVudFwvdXBsb2Fkc1wvMjAyNFwvMDFcL0xpcG9zb21hbC1VbHRyYS1IeWRyYXRpbmctU2VydW0tMS5qcGciLCJzbGlkZXNob3ciOiJkMjMwMjhjIn0%3D\" href=\"https:\/\/lveel.com.tr\/test\/wp-content\/uploads\/2024\/01\/Liposomal-Ultra-Hydrating-Serum-1.jpg\"><figure class=\"swiper-slide-inner\"><img decoding=\"async\" class=\"swiper-slide-image\" src=\"https:\/\/lveel.com.tr\/test\/wp-content\/uploads\/2024\/01\/Liposomal-Ultra-Hydrating-Serum-1.jpg\" alt=\"Liposomal Ultra Hydrating Serum\" \/><\/figure><\/a><\/div><div class=\"swiper-slide\" role=\"group\" aria-roledescription=\"slide\" aria-label=\"3 \/ 3\"><a data-elementor-open-lightbox=\"yes\" data-elementor-lightbox-slideshow=\"d23028c\" data-elementor-lightbox-title=\"nemlendiri-serum\" data-e-action-hash=\"#elementor-action%3Aaction%3Dlightbox%26settings%3DeyJpZCI6NDcwNywidXJsIjoiaHR0cHM6XC9cL2x2ZWVsLmNvbS50clwvdGVzdFwvd3AtY29udGVudFwvdXBsb2Fkc1wvbmVtbGVuZGlyaS1zZXJ1bS5qcGVnIiwic2xpZGVzaG93IjoiZDIzMDI4YyJ9\" href=\"https:\/\/lveel.com.tr\/test\/wp-content\/uploads\/nemlendiri-serum.jpeg\"><figure class=\"swiper-slide-inner\"><img decoding=\"async\" class=\"swiper-slide-image\" src=\"https:\/\/lveel.com.tr\/test\/wp-content\/uploads\/nemlendiri-serum.jpeg\" alt=\"nemlendiri-serum\" \/><\/figure><\/a><\/div>\t\t\t<\/div>\n\t\t\t\t\t\t\t\t\t\t\t\t<div class=\"elementor-swiper-button elementor-swiper-button-prev\" role=\"button\" tabindex=\"0\">\n\t\t\t\t\t\t<svg aria-hidden=\"true\" class=\"e-font-icon-svg e-eicon-chevron-left\" viewBox=\"0 0 1000 1000\" xmlns=\"http:\/\/www.w3.org\/2000\/svg\"><path d=\"M646 125C629 125 613 133 604 142L308 442C296 454 292 471 292 487 292 504 296 521 308 533L604 854C617 867 629 875 646 875 663 875 679 871 692 858 704 846 713 829 713 812 713 796 708 779 692 767L438 487 692 225C700 217 708 204 708 187 708 171 704 154 692 142 675 129 663 125 646 125Z\"><\/path><\/svg>\t\t\t\t\t<\/div>\n\t\t\t\t\t<div class=\"elementor-swiper-button elementor-swiper-button-next\" role=\"button\" tabindex=\"0\">\n\t\t\t\t\t\t<svg aria-hidden=\"true\" class=\"e-font-icon-svg e-eicon-chevron-right\" viewBox=\"0 0 1000 1000\" xmlns=\"http:\/\/www.w3.org\/2000\/svg\"><path d=\"M696 533C708 521 713 504 713 487 713 471 708 454 696 446L400 146C388 133 375 125 354 125 338 125 325 129 313 142 300 154 292 171 292 187 292 204 296 221 308 233L563 492 304 771C292 783 288 800 288 817 288 833 296 850 308 863 321 871 338 875 354 875 371 875 388 867 400 854L696 533Z\"><\/path><\/svg>\t\t\t\t\t<\/div>\n\t\t\t\t\n\t\t\t\t\t\t\t\t\t<\/div>\n\t\t\t\t<\/div>\n\t\t\t\t<\/div>\n\t\t\t\t<\/div>\n\t\t\t\t<\/div>\n\t\t<div class=\"elementor-element elementor-element-94f6cd1 e-flex e-con-boxed elementor-invisible e-con e-child\" data-id=\"94f6cd1\" data-element_type=\"container\" data-settings=\"{&quot;animation&quot;:&quot;fadeInRight&quot;,&quot;animation_delay&quot;:250,&quot;_ha_eqh_enable&quot;:false}\">\n\t\t\t\t\t<div class=\"e-con-inner\">\n\t\t<div class=\"elementor-element elementor-element-09c3a26 e-con-full e-flex e-con e-child\" data-id=\"09c3a26\" data-element_type=\"container\" data-settings=\"{&quot;_ha_eqh_enable&quot;:false}\">\n\t\t<div class=\"elementor-element elementor-element-48fb403 e-con-full e-flex e-con e-child\" data-id=\"48fb403\" data-element_type=\"container\" data-settings=\"{&quot;_ha_eqh_enable&quot;:false}\">\n\t\t\t\t<div class=\"elementor-element elementor-element-423658c elementor-widget__width-initial elementor-widget elementor-widget-image\" data-id=\"423658c\" data-element_type=\"widget\" data-widget_type=\"image.default\">\n\t\t\t\t<div class=\"elementor-widget-container\">\n\t\t\t\t\t\t\t\t\t\t\t\t\t<img decoding=\"async\" width=\"326\" height=\"326\" src=\"https:\/\/lveel.com.tr\/test\/wp-content\/uploads\/tum-cilt-tiplerine-de.jpg\" class=\"attachment-full size-full wp-image-5023\" alt=\"\" srcset=\"https:\/\/lveel.com.tr\/test\/wp-content\/uploads\/tum-cilt-tiplerine-de.jpg 326w, https:\/\/lveel.com.tr\/test\/wp-content\/uploads\/tum-cilt-tiplerine-de-100x100.jpg 100w, https:\/\/lveel.com.tr\/test\/wp-content\/uploads\/tum-cilt-tiplerine-de-50x50.jpg 50w\" sizes=\"(max-width: 326px) 100vw, 326px\" \/>\t\t\t\t\t\t\t\t\t\t\t\t\t<\/div>\n\t\t\t\t<\/div>\n\t\t\t\t<div class=\"elementor-element elementor-element-ec17fdc elementor-widget__width-initial elementor-widget elementor-widget-image\" data-id=\"ec17fdc\" data-element_type=\"widget\" data-widget_type=\"image.default\">\n\t\t\t\t<div class=\"elementor-widget-container\">\n\t\t\t\t\t\t\t\t\t\t\t\t\t<img decoding=\"async\" width=\"326\" height=\"326\" src=\"https:\/\/lveel.com.tr\/test\/wp-content\/uploads\/ultra-cilt-nemlendirici-De.jpg\" class=\"attachment-full size-full wp-image-5022\" alt=\"\" srcset=\"https:\/\/lveel.com.tr\/test\/wp-content\/uploads\/ultra-cilt-nemlendirici-De.jpg 326w, https:\/\/lveel.com.tr\/test\/wp-content\/uploads\/ultra-cilt-nemlendirici-De-100x100.jpg 100w, https:\/\/lveel.com.tr\/test\/wp-content\/uploads\/ultra-cilt-nemlendirici-De-50x50.jpg 50w\" sizes=\"(max-width: 326px) 100vw, 326px\" \/>\t\t\t\t\t\t\t\t\t\t\t\t\t<\/div>\n\t\t\t\t<\/div>\n\t\t\t\t<\/div>\n\t\t\t\t<div class=\"elementor-element elementor-element-be911bb elementor-widget elementor-widget-heading\" data-id=\"be911bb\" data-element_type=\"widget\" data-widget_type=\"heading.default\">\n\t\t\t\t<div class=\"elementor-widget-container\">\n\t\t\t<h2 class=\"elementor-heading-title elementor-size-default\">Liposomales Ultra-Feuchtigkeitsserum<\/h2>\t\t<\/div>\n\t\t\t\t<\/div>\n\t\t\t\t<div class=\"elementor-element elementor-element-b7d466c elementor-widget elementor-widget-heading\" data-id=\"b7d466c\" data-element_type=\"widget\" data-widget_type=\"heading.default\">\n\t\t\t\t<div class=\"elementor-widget-container\">\n\t\t\t<h4 class=\"elementor-heading-title elementor-size-default\">B5, Postbiotikum, Pentylenglykol, Butylenglykol, Propylenglykol, Glyzerin\nDas Serum wurde entwickelt, um allen Hauttypen ultimative Feuchtigkeit zu spenden.<\/h4>\t\t<\/div>\n\t\t\t\t<\/div>\n\t\t\t\t<\/div>\n\t\t<div class=\"elementor-element elementor-element-6c15170 e-con-full e-flex e-con e-child\" data-id=\"6c15170\" data-element_type=\"container\" data-settings=\"{&quot;_ha_eqh_enable&quot;:false}\">\n\t\t<div class=\"elementor-element elementor-element-42eb184 e-con-full e-flex e-con e-child\" data-id=\"42eb184\" data-element_type=\"container\" data-settings=\"{&quot;_ha_eqh_enable&quot;:false}\">\n\t\t<div class=\"elementor-element elementor-element-98bd6ce e-con-full e-flex e-con e-child\" data-id=\"98bd6ce\" data-element_type=\"container\" data-settings=\"{&quot;_ha_eqh_enable&quot;:false}\">\n\t\t\t\t<div class=\"elementor-element elementor-element-36b3aea elementor-widget elementor-widget-heading\" data-id=\"36b3aea\" data-element_type=\"widget\" data-widget_type=\"heading.default\">\n\t\t\t\t<div class=\"elementor-widget-container\">\n\t\t\t<h2 class=\"elementor-heading-title elementor-size-default\">Bestimmungsgem\u00e4\u00dfe Verwendung<\/h2>\t\t<\/div>\n\t\t\t\t<\/div>\n\t\t<div class=\"elementor-element elementor-element-4589da4 e-con-full elementor-hidden-mobile_extra elementor-hidden-mobile e-flex e-con e-child\" data-id=\"4589da4\" data-element_type=\"container\" data-settings=\"{&quot;background_background&quot;:&quot;classic&quot;,&quot;_ha_eqh_enable&quot;:false}\">\n\t\t\t\t<\/div>\n\t\t\t\t<\/div>\n\t\t<div class=\"elementor-element elementor-element-69e2b16 e-con-full e-flex e-con e-child\" data-id=\"69e2b16\" data-element_type=\"container\" data-settings=\"{&quot;_ha_eqh_enable&quot;:false}\">\n\t\t<div class=\"elementor-element elementor-element-05fce8f e-flex e-con-boxed e-con e-child\" data-id=\"05fce8f\" data-element_type=\"container\" data-settings=\"{&quot;_ha_eqh_enable&quot;:false}\">\n\t\t\t\t\t<div class=\"e-con-inner\">\n\t\t<div class=\"elementor-element elementor-element-2992ea8 e-con-full e-flex e-con e-child\" data-id=\"2992ea8\" data-element_type=\"container\" data-settings=\"{&quot;_ha_eqh_enable&quot;:false}\">\n\t\t\t\t<div class=\"elementor-element elementor-element-1f09494 elementor-widget elementor-widget-text-editor\" data-id=\"1f09494\" data-element_type=\"widget\" data-widget_type=\"text-editor.default\">\n\t\t\t\t<div class=\"elementor-widget-container\">\n\t\t\t<style>\/*! elementor - v3.20.0 - 26-03-2024 *\/\n.elementor-widget-text-editor.elementor-drop-cap-view-stacked .elementor-drop-cap{background-color:#69727d;color:#fff}.elementor-widget-text-editor.elementor-drop-cap-view-framed .elementor-drop-cap{color:#69727d;border:3px solid;background-color:transparent}.elementor-widget-text-editor:not(.elementor-drop-cap-view-default) .elementor-drop-cap{margin-top:8px}.elementor-widget-text-editor:not(.elementor-drop-cap-view-default) .elementor-drop-cap-letter{width:1em;height:1em}.elementor-widget-text-editor .elementor-drop-cap{float:left;text-align:center;line-height:1;font-size:50px}.elementor-widget-text-editor .elementor-drop-cap-letter{display:inline-block}<\/style>\t\t\t\t<ul><li>Maximale Feuchtigkeitszufuhr f\u00fcr alle Hautschichten,<\/li><li>Aufrechterhaltung der feuchtigkeitsspendenden Wirkung auf der Haut f\u00fcr eine lange Zeit,<\/li><li>Erh\u00f6hte Hautelastizit\u00e4t, Reduzierung von Falten,<\/li><li>Reparatur der durch Umwelteinfl\u00fcsse gesch\u00e4digten Haut,<\/li><\/ul>\t\t\t\t\t\t<\/div>\n\t\t\t\t<\/div>\n\t\t\t\t<\/div>\n\t\t<div class=\"elementor-element elementor-element-6382409 e-con-full e-flex e-con e-child\" data-id=\"6382409\" data-element_type=\"container\" data-settings=\"{&quot;_ha_eqh_enable&quot;:false}\">\n\t\t\t\t<div class=\"elementor-element elementor-element-92cc1bc elementor-widget elementor-widget-text-editor\" data-id=\"92cc1bc\" data-element_type=\"widget\" data-widget_type=\"text-editor.default\">\n\t\t\t\t<div class=\"elementor-widget-container\">\n\t\t\t\t\t\t\t<ul><li>Korrektur und Stabilisierung der gest\u00f6rten Hautflora,<\/li><li>Die Haut sieht glatt, weich und gesund aus,<\/li><li>St\u00e4rkung der Hautbarriere,<\/li><li>Es hilft, eine antioxidative Wirkung zu erzeugen.<\/li><\/ul>\t\t\t\t\t\t<\/div>\n\t\t\t\t<\/div>\n\t\t\t\t<\/div>\n\t\t\t\t\t<\/div>\n\t\t\t\t<\/div>\n\t\t\t\t<\/div>\n\t\t\t\t<\/div>\n\t\t\t\t<\/div>\n\t\t<div class=\"elementor-element elementor-element-d59b843 e-con-full e-flex e-con e-child\" data-id=\"d59b843\" data-element_type=\"container\" data-settings=\"{&quot;_ha_eqh_enable&quot;:false}\">\n\t\t<div class=\"elementor-element elementor-element-a1ee295 e-con-full e-flex e-con e-child\" data-id=\"a1ee295\" data-element_type=\"container\" data-settings=\"{&quot;_ha_eqh_enable&quot;:false}\">\n\t\t<div class=\"elementor-element elementor-element-695e8c3 e-con-full e-flex e-con e-child\" data-id=\"695e8c3\" data-element_type=\"container\" data-settings=\"{&quot;_ha_eqh_enable&quot;:false}\">\n\t\t\t\t<div class=\"elementor-element elementor-element-9f30b0a elementor-widget elementor-widget-heading\" data-id=\"9f30b0a\" data-element_type=\"widget\" data-widget_type=\"heading.default\">\n\t\t\t\t<div class=\"elementor-widget-container\">\n\t\t\t<h2 class=\"elementor-heading-title elementor-size-default\">Wie zu verwenden<\/h2>\t\t<\/div>\n\t\t\t\t<\/div>\n\t\t<div class=\"elementor-element elementor-element-ef7cda3 e-con-full elementor-hidden-mobile_extra elementor-hidden-mobile e-flex e-con e-child\" data-id=\"ef7cda3\" data-element_type=\"container\" data-settings=\"{&quot;background_background&quot;:&quot;classic&quot;,&quot;_ha_eqh_enable&quot;:false}\">\n\t\t\t\t<\/div>\n\t\t\t\t<\/div>\n\t\t<div class=\"elementor-element elementor-element-962a05c e-con-full e-flex e-con e-child\" data-id=\"962a05c\" data-element_type=\"container\" data-settings=\"{&quot;_ha_eqh_enable&quot;:false}\">\n\t\t<div class=\"elementor-element elementor-element-e207753 e-flex e-con-boxed e-con e-child\" data-id=\"e207753\" data-element_type=\"container\" data-settings=\"{&quot;_ha_eqh_enable&quot;:false}\">\n\t\t\t\t\t<div class=\"e-con-inner\">\n\t\t<div class=\"elementor-element elementor-element-4153106 e-con-full e-flex e-con e-child\" data-id=\"4153106\" data-element_type=\"container\" data-settings=\"{&quot;_ha_eqh_enable&quot;:false}\">\n\t\t\t\t<div class=\"elementor-element elementor-element-3323b00 elementor-widget elementor-widget-text-editor\" data-id=\"3323b00\" data-element_type=\"widget\" data-widget_type=\"text-editor.default\">\n\t\t\t\t<div class=\"elementor-widget-container\">\n\t\t\t\t\t\t\t<p>Geeignet f\u00fcr alle Hauttypen. Kann auf Gesicht, Hals, Dekollet\u00e9 und H\u00e4nden verwendet werden.<br \/><br \/>Kann 2 Mal t\u00e4glich auf sauberer Haut verwendet werden, 3 Mal t\u00e4glich auf extrem trockener und empfindlicher Haut.<br \/><br \/>Eine ausreichende Menge des Produkts wird auf die Haut aufgetragen, ohne sie zu massieren.<\/p>\t\t\t\t\t\t<\/div>\n\t\t\t\t<\/div>\n\t\t\t\t<\/div>\n\t\t\t\t\t<\/div>\n\t\t\t\t<\/div>\n\t\t\t\t<\/div>\n\t\t\t\t<\/div>\n\t\t\t\t<\/div>\n\t\t<div class=\"elementor-element elementor-element-b2f58cd e-con-full e-flex e-con e-child\" data-id=\"b2f58cd\" data-element_type=\"container\" data-settings=\"{&quot;background_background&quot;:&quot;classic&quot;,&quot;_ha_eqh_enable&quot;:false}\">\n\t\t\t\t<div class=\"elementor-element elementor-element-18a7707 elementor-widget elementor-widget-heading\" data-id=\"18a7707\" data-element_type=\"widget\" data-widget_type=\"heading.default\">\n\t\t\t\t<div class=\"elementor-widget-container\">\n\t\t\t<h2 class=\"elementor-heading-title elementor-size-default\">INHALT<\/h2>\t\t<\/div>\n\t\t\t\t<\/div>\n\t\t\t\t<div class=\"elementor-element elementor-element-2faa970 elementor-widget elementor-widget-text-editor\" data-id=\"2faa970\" data-element_type=\"widget\" data-widget_type=\"text-editor.default\">\n\t\t\t\t<div class=\"elementor-widget-container\">\n\t\t\t\t\t\t\tAQUA, PENTYLENE GLYCOL, LYSATFILTRAT (BIFIDOBACTERIUM\/PIOLYS ORBATE 80 FERMENT+LACTOBACILLUS\/POLYSORBAT 80 FERMENT), PHOSPHATIDYLCHOLIN, PANTHENOL, HYALURONAN, BUTYLENEGLYCOL, GLYCERIN, PROPYLENGLYCOL, ASCORBYLPALMITAT, TOCOPHEROL.\t\t\t\t\t\t<\/div>\n\t\t\t\t<\/div>\n\t\t\t\t<\/div>\n\t\t\t\t\t<\/div>\n\t\t\t\t<\/div>\n\t\t\t\t<\/div>\n\t\t<div class=\"elementor-element elementor-element-8f9620b e-con-full e-flex elementor-invisible e-con e-parent\" data-id=\"8f9620b\" data-element_type=\"container\" data-settings=\"{&quot;animation&quot;:&quot;fadeInUp&quot;,&quot;_ha_eqh_enable&quot;:false}\" data-core-v316-plus=\"true\">\n\t\t\t\t<\/div>\n\t\t\t\t<\/div>\n\t\t","protected":false},"excerpt":{"rendered":"<p>L\u2019VEEL Liposomal BIOTECHNOLOGY Liposomales Ultra-Feuchtigkeitsserum Liposomales Ultra-Feuchtigkeitsserum B5, Postbiotikum, Pentylenglykol, Butylenglykol, Propylenglykol, Glyzerin Das Serum wurde entwickelt, um allen Hauttypen ultimative Feuchtigkeit zu spenden. Bestimmungsgem\u00e4\u00dfe Verwendung Maximale Feuchtigkeitszufuhr f\u00fcr alle Hautschichten, Aufrechterhaltung der feuchtigkeitsspendenden Wirkung auf der Haut f\u00fcr eine lange Zeit, Erh\u00f6hte Hautelastizit\u00e4t, Reduzierung von Falten, Reparatur der durch Umwelteinfl\u00fcsse gesch\u00e4digten Haut, Korrektur und [&hellip;]<\/p>\n","protected":false},"author":1,"featured_media":0,"parent":0,"menu_order":0,"comment_status":"closed","ping_status":"closed","template":"","meta":{"footnotes":""},"categories":[191],"class_list":["post-4889","page","type-page","status-publish","hentry","category-product"],"lang":"de","translations":{"de":4889,"en":4478,"tr":4324,"ru":4714},"pll_sync_post":[],"_links":{"self":[{"href":"https:\/\/lveel.com.tr\/test\/wp-json\/wp\/v2\/pages\/4889","targetHints":{"allow":["GET"]}}],"collection":[{"href":"https:\/\/lveel.com.tr\/test\/wp-json\/wp\/v2\/pages"}],"about":[{"href":"https:\/\/lveel.com.tr\/test\/wp-json\/wp\/v2\/types\/page"}],"author":[{"embeddable":true,"href":"https:\/\/lveel.com.tr\/test\/wp-json\/wp\/v2\/users\/1"}],"replies":[{"embeddable":true,"href":"https:\/\/lveel.com.tr\/test\/wp-json\/wp\/v2\/comments?post=4889"}],"version-history":[{"count":7,"href":"https:\/\/lveel.com.tr\/test\/wp-json\/wp\/v2\/pages\/4889\/revisions"}],"predecessor-version":[{"id":5026,"href":"https:\/\/lveel.com.tr\/test\/wp-json\/wp\/v2\/pages\/4889\/revisions\/5026"}],"wp:attachment":[{"href":"https:\/\/lveel.com.tr\/test\/wp-json\/wp\/v2\/media?parent=4889"}],"wp:term":[{"taxonomy":"category","embeddable":true,"href":"https:\/\/lveel.com.tr\/test\/wp-json\/wp\/v2\/categories?post=4889"}],"curies":[{"name":"wp","href":"https:\/\/api.w.org\/{rel}","templated":true}]}}