{"id":4869,"date":"2024-04-13T18:02:24","date_gmt":"2024-04-13T15:02:24","guid":{"rendered":"https:\/\/lveel.com.tr\/test\/?page_id=4869"},"modified":"2024-04-15T13:57:02","modified_gmt":"2024-04-15T10:57:02","slug":"liposomales-anti-aging-serum","status":"publish","type":"page","link":"https:\/\/lveel.com.tr\/test\/de\/liposomales-anti-aging-serum\/","title":{"rendered":"Liposomales Anti-Aging-Serum"},"content":{"rendered":"\t\t<div data-elementor-type=\"wp-page\" data-elementor-id=\"4869\" class=\"elementor elementor-4869\" data-elementor-post-type=\"page\">\n\t\t\t\t<div class=\"elementor-element elementor-element-a362b74 e-flex e-con-boxed elementor-invisible e-con e-parent\" data-id=\"a362b74\" data-element_type=\"container\" data-settings=\"{&quot;background_background&quot;:&quot;gradient&quot;,&quot;animation&quot;:&quot;fadeInDown&quot;,&quot;_ha_eqh_enable&quot;:false}\" data-core-v316-plus=\"true\">\n\t\t\t\t\t<div class=\"e-con-inner\">\n\t\t\t\t<div class=\"elementor-element elementor-element-71ebbed elementor-widget elementor-widget-heading\" data-id=\"71ebbed\" data-element_type=\"widget\" data-widget_type=\"heading.default\">\n\t\t\t\t<div class=\"elementor-widget-container\">\n\t\t\t<style>\/*! elementor - v3.20.0 - 26-03-2024 *\/\n.elementor-heading-title{padding:0;margin:0;line-height:1}.elementor-widget-heading .elementor-heading-title[class*=elementor-size-]>a{color:inherit;font-size:inherit;line-height:inherit}.elementor-widget-heading .elementor-heading-title.elementor-size-small{font-size:15px}.elementor-widget-heading .elementor-heading-title.elementor-size-medium{font-size:19px}.elementor-widget-heading .elementor-heading-title.elementor-size-large{font-size:29px}.elementor-widget-heading .elementor-heading-title.elementor-size-xl{font-size:39px}.elementor-widget-heading .elementor-heading-title.elementor-size-xxl{font-size:59px}<\/style><h2 class=\"elementor-heading-title elementor-size-default\"><b>L\u2019VEEL<\/b> Liposomale BIOTECHNOLOGIE<\/h2>\t\t<\/div>\n\t\t\t\t<\/div>\n\t\t\t\t\t<\/div>\n\t\t\t\t<\/div>\n\t\t<div class=\"elementor-element elementor-element-d99643a e-con-full e-flex elementor-invisible e-con e-parent\" data-id=\"d99643a\" data-element_type=\"container\" data-settings=\"{&quot;background_background&quot;:&quot;classic&quot;,&quot;animation&quot;:&quot;fadeInDown&quot;,&quot;animation_delay&quot;:100,&quot;_ha_eqh_enable&quot;:false}\" data-core-v316-plus=\"true\">\n\t\t\t\t<\/div>\n\t\t<div class=\"elementor-element elementor-element-502e5d8 e-flex e-con-boxed elementor-invisible e-con e-parent\" data-id=\"502e5d8\" data-element_type=\"container\" data-settings=\"{&quot;background_background&quot;:&quot;classic&quot;,&quot;animation&quot;:&quot;fadeInDown&quot;,&quot;animation_delay&quot;:200,&quot;_ha_eqh_enable&quot;:false}\" data-core-v316-plus=\"true\">\n\t\t\t\t\t<div class=\"e-con-inner\">\n\t\t\t\t<div class=\"elementor-element elementor-element-8a6a952 elementor-widget elementor-widget-heading\" data-id=\"8a6a952\" data-element_type=\"widget\" data-widget_type=\"heading.default\">\n\t\t\t\t<div class=\"elementor-widget-container\">\n\t\t\t<h1 class=\"elementor-heading-title elementor-size-default\">Liposomales Anti-Aging-Serum<\/h1>\t\t<\/div>\n\t\t\t\t<\/div>\n\t\t\t\t\t<\/div>\n\t\t\t\t<\/div>\n\t\t<div class=\"elementor-element elementor-element-d8ab258 e-con-full e-flex elementor-invisible e-con e-parent\" data-id=\"d8ab258\" data-element_type=\"container\" data-settings=\"{&quot;animation&quot;:&quot;fadeInDown&quot;,&quot;animation_delay&quot;:200,&quot;_ha_eqh_enable&quot;:false}\" data-core-v316-plus=\"true\">\n\t\t<div class=\"elementor-element elementor-element-a734a1d e-con-full e-flex e-con e-child\" data-id=\"a734a1d\" data-element_type=\"container\" data-settings=\"{&quot;_ha_eqh_enable&quot;:false}\">\n\t\t\t\t<div class=\"elementor-element elementor-element-e889dd2 elementor-widget elementor-widget-image\" data-id=\"e889dd2\" data-element_type=\"widget\" data-widget_type=\"image.default\">\n\t\t\t\t<div class=\"elementor-widget-container\">\n\t\t\t<style>\/*! elementor - v3.20.0 - 26-03-2024 *\/\n.elementor-widget-image{text-align:center}.elementor-widget-image a{display:inline-block}.elementor-widget-image a img[src$=\".svg\"]{width:48px}.elementor-widget-image img{vertical-align:middle;display:inline-block}<\/style>\t\t\t\t\t\t\t\t\t\t<img fetchpriority=\"high\" decoding=\"async\" width=\"1821\" height=\"75\" src=\"https:\/\/lveel.com.tr\/test\/wp-content\/uploads\/alt-siyah.png\" class=\"attachment-full size-full wp-image-4237\" alt=\"\" srcset=\"https:\/\/lveel.com.tr\/test\/wp-content\/uploads\/alt-siyah.png 1821w, https:\/\/lveel.com.tr\/test\/wp-content\/uploads\/alt-siyah-800x33.png 800w, https:\/\/lveel.com.tr\/test\/wp-content\/uploads\/alt-siyah-1024x42.png 1024w, https:\/\/lveel.com.tr\/test\/wp-content\/uploads\/alt-siyah-500x21.png 500w, https:\/\/lveel.com.tr\/test\/wp-content\/uploads\/alt-siyah-768x32.png 768w, https:\/\/lveel.com.tr\/test\/wp-content\/uploads\/alt-siyah-1536x63.png 1536w, https:\/\/lveel.com.tr\/test\/wp-content\/uploads\/alt-siyah-1200x49.png 1200w\" sizes=\"(max-width: 1821px) 100vw, 1821px\" \/>\t\t\t\t\t\t\t\t\t\t\t\t\t<\/div>\n\t\t\t\t<\/div>\n\t\t\t\t<\/div>\n\t\t\t\t<\/div>\n\t\t<div class=\"elementor-element elementor-element-a79615e e-con-full e-flex e-con e-parent\" data-id=\"a79615e\" data-element_type=\"container\" data-settings=\"{&quot;background_background&quot;:&quot;classic&quot;,&quot;_ha_eqh_enable&quot;:false}\" data-core-v316-plus=\"true\">\n\t\t<div class=\"elementor-element elementor-element-1820060 e-con-full e-flex e-con e-child\" data-id=\"1820060\" data-element_type=\"container\" data-settings=\"{&quot;background_background&quot;:&quot;classic&quot;,&quot;_ha_eqh_enable&quot;:false}\">\n\t\t<div class=\"elementor-element elementor-element-19fbff4 e-con-full e-flex elementor-invisible e-con e-child\" data-id=\"19fbff4\" data-element_type=\"container\" data-settings=\"{&quot;animation&quot;:&quot;fadeInLeft&quot;,&quot;animation_delay&quot;:250,&quot;_ha_eqh_enable&quot;:false}\">\n\t\t\t\t<div class=\"elementor-element elementor-element-6195acc elementor-arrows-position-inside elementor-widget elementor-widget-image-carousel\" data-id=\"6195acc\" data-element_type=\"widget\" data-settings=\"{&quot;slides_to_show&quot;:&quot;1&quot;,&quot;navigation&quot;:&quot;arrows&quot;,&quot;autoplay&quot;:&quot;yes&quot;,&quot;pause_on_hover&quot;:&quot;yes&quot;,&quot;pause_on_interaction&quot;:&quot;yes&quot;,&quot;autoplay_speed&quot;:5000,&quot;infinite&quot;:&quot;yes&quot;,&quot;effect&quot;:&quot;slide&quot;,&quot;speed&quot;:500}\" data-widget_type=\"image-carousel.default\">\n\t\t\t\t<div class=\"elementor-widget-container\">\n\t\t\t<style>\/*! elementor - v3.20.0 - 26-03-2024 *\/\n.elementor-widget-image-carousel .swiper,.elementor-widget-image-carousel .swiper-container{position:static}.elementor-widget-image-carousel .swiper-container .swiper-slide figure,.elementor-widget-image-carousel .swiper .swiper-slide figure{line-height:inherit}.elementor-widget-image-carousel .swiper-slide{text-align:center}.elementor-image-carousel-wrapper:not(.swiper-container-initialized):not(.swiper-initialized) .swiper-slide{max-width:calc(100% \/ var(--e-image-carousel-slides-to-show, 3))}<\/style>\t\t<div class=\"elementor-image-carousel-wrapper swiper\" dir=\"ltr\">\n\t\t\t<div class=\"elementor-image-carousel swiper-wrapper\" aria-live=\"off\">\n\t\t\t\t\t\t\t\t<div class=\"swiper-slide\" role=\"group\" aria-roledescription=\"slide\" aria-label=\"1 \/ 3\"><a data-elementor-open-lightbox=\"yes\" data-elementor-lightbox-slideshow=\"6195acc\" data-elementor-lightbox-title=\"Liposomal Anti Aging Serum\" data-e-action-hash=\"#elementor-action%3Aaction%3Dlightbox%26settings%3DeyJpZCI6MzU0MSwidXJsIjoiaHR0cHM6XC9cL2x2ZWVsLmNvbS50clwvdGVzdFwvd3AtY29udGVudFwvdXBsb2Fkc1wvMjAyNFwvMDFcL0xpcG9zb21hbC1BbnRpLUFnaW5nLVNlcnVtLmpwZyIsInNsaWRlc2hvdyI6IjYxOTVhY2MifQ%3D%3D\" href=\"https:\/\/lveel.com.tr\/test\/wp-content\/uploads\/2024\/01\/Liposomal-Anti-Aging-Serum.jpg\"><figure class=\"swiper-slide-inner\"><img decoding=\"async\" class=\"swiper-slide-image\" src=\"https:\/\/lveel.com.tr\/test\/wp-content\/uploads\/2024\/01\/Liposomal-Anti-Aging-Serum.jpg\" alt=\"Liposomal Anti Aging Serum\" \/><\/figure><\/a><\/div><div class=\"swiper-slide\" role=\"group\" aria-roledescription=\"slide\" aria-label=\"2 \/ 3\"><a data-elementor-open-lightbox=\"yes\" data-elementor-lightbox-slideshow=\"6195acc\" data-elementor-lightbox-title=\"Liposomal-Anti-Aging-Serum1\" data-e-action-hash=\"#elementor-action%3Aaction%3Dlightbox%26settings%3DeyJpZCI6NDAyMiwidXJsIjoiaHR0cHM6XC9cL2x2ZWVsLmNvbS50clwvdGVzdFwvd3AtY29udGVudFwvdXBsb2Fkc1wvMjAyNFwvMDFcL0xpcG9zb21hbC1BbnRpLUFnaW5nLVNlcnVtMS5qcGciLCJzbGlkZXNob3ciOiI2MTk1YWNjIn0%3D\" href=\"https:\/\/lveel.com.tr\/test\/wp-content\/uploads\/2024\/01\/Liposomal-Anti-Aging-Serum1.jpg\"><figure class=\"swiper-slide-inner\"><img decoding=\"async\" class=\"swiper-slide-image\" src=\"https:\/\/lveel.com.tr\/test\/wp-content\/uploads\/2024\/01\/Liposomal-Anti-Aging-Serum1.jpg\" alt=\"Liposomal-Anti-Aging-Serum1\" \/><\/figure><\/a><\/div><div class=\"swiper-slide\" role=\"group\" aria-roledescription=\"slide\" aria-label=\"3 \/ 3\"><a data-elementor-open-lightbox=\"yes\" data-elementor-lightbox-slideshow=\"6195acc\" data-elementor-lightbox-title=\"yaslanma-1\" data-e-action-hash=\"#elementor-action%3Aaction%3Dlightbox%26settings%3DeyJpZCI6NDY2NCwidXJsIjoiaHR0cHM6XC9cL2x2ZWVsLmNvbS50clwvdGVzdFwvd3AtY29udGVudFwvdXBsb2Fkc1wveWFzbGFubWEtMS5qcGVnIiwic2xpZGVzaG93IjoiNjE5NWFjYyJ9\" href=\"https:\/\/lveel.com.tr\/test\/wp-content\/uploads\/yaslanma-1.jpeg\"><figure class=\"swiper-slide-inner\"><img decoding=\"async\" class=\"swiper-slide-image\" src=\"https:\/\/lveel.com.tr\/test\/wp-content\/uploads\/yaslanma-1.jpeg\" alt=\"yaslanma-1\" \/><\/figure><\/a><\/div>\t\t\t<\/div>\n\t\t\t\t\t\t\t\t\t\t\t\t<div class=\"elementor-swiper-button elementor-swiper-button-prev\" role=\"button\" tabindex=\"0\">\n\t\t\t\t\t\t<svg aria-hidden=\"true\" class=\"e-font-icon-svg e-eicon-chevron-left\" viewBox=\"0 0 1000 1000\" xmlns=\"http:\/\/www.w3.org\/2000\/svg\"><path d=\"M646 125C629 125 613 133 604 142L308 442C296 454 292 471 292 487 292 504 296 521 308 533L604 854C617 867 629 875 646 875 663 875 679 871 692 858 704 846 713 829 713 812 713 796 708 779 692 767L438 487 692 225C700 217 708 204 708 187 708 171 704 154 692 142 675 129 663 125 646 125Z\"><\/path><\/svg>\t\t\t\t\t<\/div>\n\t\t\t\t\t<div class=\"elementor-swiper-button elementor-swiper-button-next\" role=\"button\" tabindex=\"0\">\n\t\t\t\t\t\t<svg aria-hidden=\"true\" class=\"e-font-icon-svg e-eicon-chevron-right\" viewBox=\"0 0 1000 1000\" xmlns=\"http:\/\/www.w3.org\/2000\/svg\"><path d=\"M696 533C708 521 713 504 713 487 713 471 708 454 696 446L400 146C388 133 375 125 354 125 338 125 325 129 313 142 300 154 292 171 292 187 292 204 296 221 308 233L563 492 304 771C292 783 288 800 288 817 288 833 296 850 308 863 321 871 338 875 354 875 371 875 388 867 400 854L696 533Z\"><\/path><\/svg>\t\t\t\t\t<\/div>\n\t\t\t\t\n\t\t\t\t\t\t\t\t\t<\/div>\n\t\t\t\t<\/div>\n\t\t\t\t<\/div>\n\t\t\t\t<\/div>\n\t\t\t\t<\/div>\n\t\t<div class=\"elementor-element elementor-element-00f454f e-flex e-con-boxed elementor-invisible e-con e-child\" data-id=\"00f454f\" data-element_type=\"container\" data-settings=\"{&quot;animation&quot;:&quot;fadeInRight&quot;,&quot;animation_delay&quot;:250,&quot;_ha_eqh_enable&quot;:false}\">\n\t\t\t\t\t<div class=\"e-con-inner\">\n\t\t<div class=\"elementor-element elementor-element-5e2f0c7 e-con-full e-flex e-con e-child\" data-id=\"5e2f0c7\" data-element_type=\"container\" data-settings=\"{&quot;_ha_eqh_enable&quot;:false}\">\n\t\t<div class=\"elementor-element elementor-element-060014b e-con-full e-flex e-con e-child\" data-id=\"060014b\" data-element_type=\"container\" data-settings=\"{&quot;_ha_eqh_enable&quot;:false}\">\n\t\t\t\t<div class=\"elementor-element elementor-element-8469a7b elementor-widget__width-initial elementor-widget elementor-widget-image\" data-id=\"8469a7b\" data-element_type=\"widget\" data-widget_type=\"image.default\">\n\t\t\t\t<div class=\"elementor-widget-container\">\n\t\t\t\t\t\t\t\t\t\t\t\t\t<img decoding=\"async\" width=\"326\" height=\"326\" src=\"https:\/\/lveel.com.tr\/test\/wp-content\/uploads\/yaslanma-de.jpg\" class=\"attachment-full size-full wp-image-5014\" alt=\"\" srcset=\"https:\/\/lveel.com.tr\/test\/wp-content\/uploads\/yaslanma-de.jpg 326w, https:\/\/lveel.com.tr\/test\/wp-content\/uploads\/yaslanma-de-100x100.jpg 100w, https:\/\/lveel.com.tr\/test\/wp-content\/uploads\/yaslanma-de-50x50.jpg 50w\" sizes=\"(max-width: 326px) 100vw, 326px\" \/>\t\t\t\t\t\t\t\t\t\t\t\t\t<\/div>\n\t\t\t\t<\/div>\n\t\t\t\t<\/div>\n\t\t\t\t<div class=\"elementor-element elementor-element-7e5431f elementor-widget elementor-widget-heading\" data-id=\"7e5431f\" data-element_type=\"widget\" data-widget_type=\"heading.default\">\n\t\t\t\t<div class=\"elementor-widget-container\">\n\t\t\t<h2 class=\"elementor-heading-title elementor-size-default\">Liposomales Anti-Aging-Serum<\/h2>\t\t<\/div>\n\t\t\t\t<\/div>\n\t\t\t\t<div class=\"elementor-element elementor-element-353f6d9 elementor-widget elementor-widget-heading\" data-id=\"353f6d9\" data-element_type=\"widget\" data-widget_type=\"heading.default\">\n\t\t\t\t<div class=\"elementor-widget-container\">\n\t\t\t<h4 class=\"elementor-heading-title elementor-size-default\">Es wird f\u00fcr Anti-Aging-Zwecke bei Haut mit Falten, Elastizit\u00e4tsverlust und \u00fcberm\u00e4\u00dfiger Trockenheit verwendet. <\/h4>\t\t<\/div>\n\t\t\t\t<\/div>\n\t\t\t\t<\/div>\n\t\t<div class=\"elementor-element elementor-element-31e226f e-con-full e-flex e-con e-child\" data-id=\"31e226f\" data-element_type=\"container\" data-settings=\"{&quot;_ha_eqh_enable&quot;:false}\">\n\t\t<div class=\"elementor-element elementor-element-2c18565 e-con-full e-flex e-con e-child\" data-id=\"2c18565\" data-element_type=\"container\" data-settings=\"{&quot;_ha_eqh_enable&quot;:false}\">\n\t\t<div class=\"elementor-element elementor-element-3c6ae04 e-con-full e-flex e-con e-child\" data-id=\"3c6ae04\" data-element_type=\"container\" data-settings=\"{&quot;_ha_eqh_enable&quot;:false}\">\n\t\t\t\t<div class=\"elementor-element elementor-element-3f026a5 elementor-widget elementor-widget-heading\" data-id=\"3f026a5\" data-element_type=\"widget\" data-widget_type=\"heading.default\">\n\t\t\t\t<div class=\"elementor-widget-container\">\n\t\t\t<h2 class=\"elementor-heading-title elementor-size-default\">Bestimmungsgem\u00e4\u00dfer Gebrauch<\/h2>\t\t<\/div>\n\t\t\t\t<\/div>\n\t\t<div class=\"elementor-element elementor-element-88d8251 e-con-full elementor-hidden-mobile_extra elementor-hidden-mobile e-flex e-con e-child\" data-id=\"88d8251\" data-element_type=\"container\" data-settings=\"{&quot;background_background&quot;:&quot;classic&quot;,&quot;_ha_eqh_enable&quot;:false}\">\n\t\t\t\t<\/div>\n\t\t\t\t<\/div>\n\t\t<div class=\"elementor-element elementor-element-17f04b4 e-con-full e-flex e-con e-child\" data-id=\"17f04b4\" data-element_type=\"container\" data-settings=\"{&quot;_ha_eqh_enable&quot;:false}\">\n\t\t<div class=\"elementor-element elementor-element-a885e86 e-flex e-con-boxed e-con e-child\" data-id=\"a885e86\" data-element_type=\"container\" data-settings=\"{&quot;_ha_eqh_enable&quot;:false}\">\n\t\t\t\t\t<div class=\"e-con-inner\">\n\t\t<div class=\"elementor-element elementor-element-abdc382 e-con-full e-flex e-con e-child\" data-id=\"abdc382\" data-element_type=\"container\" data-settings=\"{&quot;_ha_eqh_enable&quot;:false}\">\n\t\t\t\t<div class=\"elementor-element elementor-element-fcb92bf elementor-widget elementor-widget-text-editor\" data-id=\"fcb92bf\" data-element_type=\"widget\" data-widget_type=\"text-editor.default\">\n\t\t\t\t<div class=\"elementor-widget-container\">\n\t\t\t<style>\/*! elementor - v3.20.0 - 26-03-2024 *\/\n.elementor-widget-text-editor.elementor-drop-cap-view-stacked .elementor-drop-cap{background-color:#69727d;color:#fff}.elementor-widget-text-editor.elementor-drop-cap-view-framed .elementor-drop-cap{color:#69727d;border:3px solid;background-color:transparent}.elementor-widget-text-editor:not(.elementor-drop-cap-view-default) .elementor-drop-cap{margin-top:8px}.elementor-widget-text-editor:not(.elementor-drop-cap-view-default) .elementor-drop-cap-letter{width:1em;height:1em}.elementor-widget-text-editor .elementor-drop-cap{float:left;text-align:center;line-height:1;font-size:50px}.elementor-widget-text-editor .elementor-drop-cap-letter{display:inline-block}<\/style>\t\t\t\t<ul><li>Hilft, Sch\u00e4den auf molekularer Ebene zu stoppen, zu sch\u00fctzen und zu reparieren.<\/li><li>Unterst\u00fctzt die Kollagenproduktion.<\/li><li>Hilft dank seiner Wirkstoffe, die Bildung von Falten, Hautunreinheiten und Akne zu verhindern.<\/li><\/ul>\t\t\t\t\t\t<\/div>\n\t\t\t\t<\/div>\n\t\t\t\t<\/div>\n\t\t<div class=\"elementor-element elementor-element-f5a0b54 e-con-full e-flex e-con e-child\" data-id=\"f5a0b54\" data-element_type=\"container\" data-settings=\"{&quot;_ha_eqh_enable&quot;:false}\">\n\t\t\t\t<div class=\"elementor-element elementor-element-b5f0b97 elementor-widget elementor-widget-text-editor\" data-id=\"b5f0b97\" data-element_type=\"widget\" data-widget_type=\"text-editor.default\">\n\t\t\t\t<div class=\"elementor-widget-container\">\n\t\t\t\t\t\t\t<ul><li>Reguliert die Hautflora und unterst\u00fctzt die Schutzbarriere der Haut gegen \u00e4u\u00dfere Einfl\u00fcsse<\/li><li>Versorgt die Haut mit Feuchtigkeit und sorgt daf\u00fcr, dass die Haut ihre Feuchtigkeit beh\u00e4lt.<\/li><li>Sie hilft, bestehende Falten zu beseitigen und beugt der Bildung neuer Falten vor.<\/li><\/ul>\t\t\t\t\t\t<\/div>\n\t\t\t\t<\/div>\n\t\t\t\t<\/div>\n\t\t\t\t\t<\/div>\n\t\t\t\t<\/div>\n\t\t\t\t<\/div>\n\t\t\t\t<\/div>\n\t\t\t\t<\/div>\n\t\t<div class=\"elementor-element elementor-element-db721b3 e-con-full e-flex e-con e-child\" data-id=\"db721b3\" data-element_type=\"container\" data-settings=\"{&quot;_ha_eqh_enable&quot;:false}\">\n\t\t<div class=\"elementor-element elementor-element-7f45cc2 e-con-full e-flex e-con e-child\" data-id=\"7f45cc2\" data-element_type=\"container\" data-settings=\"{&quot;_ha_eqh_enable&quot;:false}\">\n\t\t<div class=\"elementor-element elementor-element-dfbbd6f e-con-full e-flex e-con e-child\" data-id=\"dfbbd6f\" data-element_type=\"container\" data-settings=\"{&quot;_ha_eqh_enable&quot;:false}\">\n\t\t\t\t<div class=\"elementor-element elementor-element-74b35da elementor-widget elementor-widget-heading\" data-id=\"74b35da\" data-element_type=\"widget\" data-widget_type=\"heading.default\">\n\t\t\t\t<div class=\"elementor-widget-container\">\n\t\t\t<h2 class=\"elementor-heading-title elementor-size-default\">Anwendung<\/h2>\t\t<\/div>\n\t\t\t\t<\/div>\n\t\t<div class=\"elementor-element elementor-element-a3c5401 e-con-full elementor-hidden-mobile_extra elementor-hidden-mobile e-flex e-con e-child\" data-id=\"a3c5401\" data-element_type=\"container\" data-settings=\"{&quot;background_background&quot;:&quot;classic&quot;,&quot;_ha_eqh_enable&quot;:false}\">\n\t\t\t\t<\/div>\n\t\t\t\t<\/div>\n\t\t<div class=\"elementor-element elementor-element-6bae5d7 e-con-full e-flex e-con e-child\" data-id=\"6bae5d7\" data-element_type=\"container\" data-settings=\"{&quot;_ha_eqh_enable&quot;:false}\">\n\t\t<div class=\"elementor-element elementor-element-91d516b e-flex e-con-boxed e-con e-child\" data-id=\"91d516b\" data-element_type=\"container\" data-settings=\"{&quot;_ha_eqh_enable&quot;:false}\">\n\t\t\t\t\t<div class=\"e-con-inner\">\n\t\t<div class=\"elementor-element elementor-element-cf34e46 e-con-full e-flex e-con e-child\" data-id=\"cf34e46\" data-element_type=\"container\" data-settings=\"{&quot;_ha_eqh_enable&quot;:false}\">\n\t\t\t\t<div class=\"elementor-element elementor-element-2be75ae elementor-widget elementor-widget-text-editor\" data-id=\"2be75ae\" data-element_type=\"widget\" data-widget_type=\"text-editor.default\">\n\t\t\t\t<div class=\"elementor-widget-container\">\n\t\t\t\t\t\t\t<p>F\u00fcr alle Hauttypen geeignet. Kann auf Gesicht, Hals, Dekollet\u00e9 und H\u00e4nden verwendet werden.<br \/><br \/>Es wird empfohlen, die Creme 1 Mal pro Tag auf die gereinigte Haut aufzutragen. Eine ausreichende Menge des Produkts auf die Haut auftragen, ohne zu massieren.<\/p>\t\t\t\t\t\t<\/div>\n\t\t\t\t<\/div>\n\t\t\t\t<\/div>\n\t\t\t\t\t<\/div>\n\t\t\t\t<\/div>\n\t\t\t\t<\/div>\n\t\t\t\t<\/div>\n\t\t\t\t<\/div>\n\t\t<div class=\"elementor-element elementor-element-aeac4a9 e-con-full e-flex e-con e-child\" data-id=\"aeac4a9\" data-element_type=\"container\" data-settings=\"{&quot;background_background&quot;:&quot;classic&quot;,&quot;_ha_eqh_enable&quot;:false}\">\n\t\t\t\t<div class=\"elementor-element elementor-element-c9ae669 elementor-widget elementor-widget-heading\" data-id=\"c9ae669\" data-element_type=\"widget\" data-widget_type=\"heading.default\">\n\t\t\t\t<div class=\"elementor-widget-container\">\n\t\t\t<h2 class=\"elementor-heading-title elementor-size-default\">INHALTSSTOFFE<\/h2>\t\t<\/div>\n\t\t\t\t<\/div>\n\t\t\t\t<div class=\"elementor-element elementor-element-14b64ee elementor-widget elementor-widget-text-editor\" data-id=\"14b64ee\" data-element_type=\"widget\" data-widget_type=\"text-editor.default\">\n\t\t\t\t<div class=\"elementor-widget-container\">\n\t\t\t\t\t\t\t<p>AQUA, PENTYLENE GLYCOL, BIFIDA FERMENT LYSATE, PHOSPHATIDYLCHOLINE, PANTHENOL, HYALURONIC ACID, BUTYLENE GLYCOL, ALOE BARBADENSIS LEAF EXTRACT, GLYCERIN, GLYCERYL GLUCOSIDE, PERFUME, CAPRYLYL GLYCOLACETYL HEXAPEPTIDE-8, ASCORBYL PALMITATE, TOCOPHEROL, ACETYL HEXAPEPTIDE-51 AMIDE.<\/p>\t\t\t\t\t\t<\/div>\n\t\t\t\t<\/div>\n\t\t\t\t<\/div>\n\t\t\t\t\t<\/div>\n\t\t\t\t<\/div>\n\t\t\t\t<\/div>\n\t\t<div class=\"elementor-element elementor-element-f1b1dd8 e-con-full e-flex elementor-invisible e-con e-parent\" data-id=\"f1b1dd8\" data-element_type=\"container\" data-settings=\"{&quot;animation&quot;:&quot;fadeInUp&quot;,&quot;_ha_eqh_enable&quot;:false}\" data-core-v316-plus=\"true\">\n\t\t\t\t<\/div>\n\t\t\t\t<\/div>\n\t\t","protected":false},"excerpt":{"rendered":"<p>L\u2019VEEL Liposomale BIOTECHNOLOGIE Liposomales Anti-Aging-Serum Liposomales Anti-Aging-Serum Es wird f\u00fcr Anti-Aging-Zwecke bei Haut mit Falten, Elastizit\u00e4tsverlust und \u00fcberm\u00e4\u00dfiger Trockenheit verwendet. Bestimmungsgem\u00e4\u00dfer Gebrauch Hilft, Sch\u00e4den auf molekularer Ebene zu stoppen, zu sch\u00fctzen und zu reparieren. Unterst\u00fctzt die Kollagenproduktion. Hilft dank seiner Wirkstoffe, die Bildung von Falten, Hautunreinheiten und Akne zu verhindern. Reguliert die Hautflora und unterst\u00fctzt [&hellip;]<\/p>\n","protected":false},"author":1,"featured_media":0,"parent":0,"menu_order":0,"comment_status":"closed","ping_status":"closed","template":"","meta":{"footnotes":""},"categories":[191],"class_list":["post-4869","page","type-page","status-publish","hentry","category-product"],"lang":"de","translations":{"de":4869,"en":4460,"tr":4305,"ru":4685},"pll_sync_post":[],"_links":{"self":[{"href":"https:\/\/lveel.com.tr\/test\/wp-json\/wp\/v2\/pages\/4869","targetHints":{"allow":["GET"]}}],"collection":[{"href":"https:\/\/lveel.com.tr\/test\/wp-json\/wp\/v2\/pages"}],"about":[{"href":"https:\/\/lveel.com.tr\/test\/wp-json\/wp\/v2\/types\/page"}],"author":[{"embeddable":true,"href":"https:\/\/lveel.com.tr\/test\/wp-json\/wp\/v2\/users\/1"}],"replies":[{"embeddable":true,"href":"https:\/\/lveel.com.tr\/test\/wp-json\/wp\/v2\/comments?post=4869"}],"version-history":[{"count":8,"href":"https:\/\/lveel.com.tr\/test\/wp-json\/wp\/v2\/pages\/4869\/revisions"}],"predecessor-version":[{"id":5017,"href":"https:\/\/lveel.com.tr\/test\/wp-json\/wp\/v2\/pages\/4869\/revisions\/5017"}],"wp:attachment":[{"href":"https:\/\/lveel.com.tr\/test\/wp-json\/wp\/v2\/media?parent=4869"}],"wp:term":[{"taxonomy":"category","embeddable":true,"href":"https:\/\/lveel.com.tr\/test\/wp-json\/wp\/v2\/categories?post=4869"}],"curies":[{"name":"wp","href":"https:\/\/api.w.org\/{rel}","templated":true}]}}