{"id":4847,"date":"2024-04-13T17:33:13","date_gmt":"2024-04-13T14:33:13","guid":{"rendered":"https:\/\/lveel.com.tr\/test\/?page_id=4847"},"modified":"2024-04-13T17:36:45","modified_gmt":"2024-04-13T14:36:45","slug":"liposom-biotechnologie","status":"publish","type":"page","link":"https:\/\/lveel.com.tr\/test\/de\/liposom-biotechnologie\/","title":{"rendered":"Liposom Biotechnologie"},"content":{"rendered":"\t\t<div data-elementor-type=\"wp-page\" data-elementor-id=\"4847\" class=\"elementor elementor-4847\" data-elementor-post-type=\"page\">\n\t\t\t\t<div class=\"elementor-element elementor-element-b3e6052 e-flex e-con-boxed e-con e-parent\" data-id=\"b3e6052\" data-element_type=\"container\" data-settings=\"{&quot;background_background&quot;:&quot;classic&quot;,&quot;_ha_eqh_enable&quot;:false}\" data-core-v316-plus=\"true\">\n\t\t\t\t\t<div class=\"e-con-inner\">\n\t\t\t\t\t<\/div>\n\t\t\t\t<\/div>\n\t\t<div class=\"elementor-element elementor-element-b2d7234 e-flex e-con-boxed e-con e-parent\" data-id=\"b2d7234\" data-element_type=\"container\" data-settings=\"{&quot;_ha_eqh_enable&quot;:false}\" data-core-v316-plus=\"true\">\n\t\t\t\t\t<div class=\"e-con-inner\">\n\t\t\t\t<div class=\"elementor-element elementor-element-445dcb0 elementor-widget elementor-widget-heading\" data-id=\"445dcb0\" data-element_type=\"widget\" data-widget_type=\"heading.default\">\n\t\t\t\t<div class=\"elementor-widget-container\">\n\t\t\t<style>\/*! elementor - v3.20.0 - 26-03-2024 *\/\n.elementor-heading-title{padding:0;margin:0;line-height:1}.elementor-widget-heading .elementor-heading-title[class*=elementor-size-]>a{color:inherit;font-size:inherit;line-height:inherit}.elementor-widget-heading .elementor-heading-title.elementor-size-small{font-size:15px}.elementor-widget-heading .elementor-heading-title.elementor-size-medium{font-size:19px}.elementor-widget-heading .elementor-heading-title.elementor-size-large{font-size:29px}.elementor-widget-heading .elementor-heading-title.elementor-size-xl{font-size:39px}.elementor-widget-heading .elementor-heading-title.elementor-size-xxl{font-size:59px}<\/style><h2 class=\"elementor-heading-title elementor-size-default\">Liposom Biotechnologie<\/h2>\t\t<\/div>\n\t\t\t\t<\/div>\n\t\t\t\t<div class=\"elementor-element elementor-element-a421c27 elementor-widget elementor-widget-text-editor\" data-id=\"a421c27\" data-element_type=\"widget\" data-widget_type=\"text-editor.default\">\n\t\t\t\t<div class=\"elementor-widget-container\">\n\t\t\t<style>\/*! elementor - v3.20.0 - 26-03-2024 *\/\n.elementor-widget-text-editor.elementor-drop-cap-view-stacked .elementor-drop-cap{background-color:#69727d;color:#fff}.elementor-widget-text-editor.elementor-drop-cap-view-framed .elementor-drop-cap{color:#69727d;border:3px solid;background-color:transparent}.elementor-widget-text-editor:not(.elementor-drop-cap-view-default) .elementor-drop-cap{margin-top:8px}.elementor-widget-text-editor:not(.elementor-drop-cap-view-default) .elementor-drop-cap-letter{width:1em;height:1em}.elementor-widget-text-editor .elementor-drop-cap{float:left;text-align:center;line-height:1;font-size:50px}.elementor-widget-text-editor .elementor-drop-cap-letter{display:inline-block}<\/style>\t\t\t\t<h5><b>Was ist Liposom?<\/b><\/h5><p>Der Name Liposom ist von zwei griechischen W\u00f6rtern abgeleitet: Lipos&#8221; bedeutet Lipid, Fett und &#8220;Soma&#8221; bedeutet K\u00f6rper. Sie wurden 1961 von Dr. Alec D. Bangham zum ersten Mal in der Geschichte entdeckt und 1964 ver\u00f6ffentlicht.<\/p><p>Sie sind phospholipidhaltige, zellstruktur\u00e4hnliche, amphiphile Tr\u00e4gersysteme zwischen 30 nm und 1000 nm mit hydrophilen und lipophilen Anteilen.<\/p><p>1995 wurde die liposomale Technologie mit dem von der FDA zugelassenen Medikament Doxil\u00ae zum ersten Mal in der Krebsbehandlung eingesetzt.<\/p>\t\t\t\t\t\t<\/div>\n\t\t\t\t<\/div>\n\t\t\t\t<div class=\"elementor-element elementor-element-47e4578 elementor-widget elementor-widget-text-editor\" data-id=\"47e4578\" data-element_type=\"widget\" data-widget_type=\"text-editor.default\">\n\t\t\t\t<div class=\"elementor-widget-container\">\n\t\t\t\t\t\t\t<h5><strong>Was ist die liposomale Biotechnologie?<\/strong><\/h5><p>Die liposomale Biotechnologie ist eine Technologie, die eine wirksame Verteilung des Wirkstoffs im K\u00f6rper erm\u00f6glicht, indem sie sehr zell\u00e4hnliche Strukturen schafft. Diese Strukturen werden als Liposomenk\u00fcgelchen bezeichnet. Liposomen-Globuli werden gebildet, indem der Wirkstoff von einer Doppelschicht aus Phospholipiden umgeben wird.<br \/><br \/>Phospholipide sind die Hauptbestandteile der Zellmembranen in unserem K\u00f6rper. Liposomale Globuli ahmen also die nat\u00fcrlichen Zellmembranen nach. Diese Phospholipidschicht au\u00dferhalb des Wirkstoffs verhindert den Abbau des Wirkstoffs durch k\u00f6rpereigene Enzyme oder Ver\u00e4nderungen des pH-Werts. So tr\u00e4gt die liposomale Biotechnologie dazu bei, die Wirkung zu verbessern und zu verl\u00e4ngern.<\/p>\t\t\t\t\t\t<\/div>\n\t\t\t\t<\/div>\n\t\t\t\t<div class=\"elementor-element elementor-element-341675a elementor-widget elementor-widget-text-editor\" data-id=\"341675a\" data-element_type=\"widget\" data-widget_type=\"text-editor.default\">\n\t\t\t\t<div class=\"elementor-widget-container\">\n\t\t\t\t\t\t\t<p><strong>Liposomale Biotechnologie;<\/strong><\/p><ul><li>Absorption des Wirkstoffs, wodurch seine Wirksamkeit erh\u00f6ht wird.<\/li><li>Die Stabilit\u00e4t wird durch die Phospholipidschicht erh\u00f6ht.<\/li><li>Verhindert die Entstehung von Nebenwirkungen.<\/li><li>Erm\u00f6glicht ein aktives Targeting.<\/li><\/ul>\t\t\t\t\t\t<\/div>\n\t\t\t\t<\/div>\n\t\t\t\t\t<\/div>\n\t\t\t\t<\/div>\n\t\t\t\t<\/div>\n\t\t","protected":false},"excerpt":{"rendered":"<p>Was ist Liposom? Der Name Liposom ist von zwei griechischen W\u00f6rtern abgeleitet: Lipos&#8221; bedeutet Lipid, Fett und &#8220;Soma&#8221; bedeutet K\u00f6rper. Sie wurden 1961 von Dr. Alec D. Bangham zum ersten Mal in der Geschichte entdeckt und 1964 ver\u00f6ffentlicht. Sie sind phospholipidhaltige, zellstruktur\u00e4hnliche, amphiphile Tr\u00e4gersysteme zwischen 30 nm und 1000 nm mit hydrophilen und lipophilen Anteilen. [&hellip;]<\/p>\n","protected":false},"author":1,"featured_media":0,"parent":0,"menu_order":0,"comment_status":"closed","ping_status":"closed","template":"","meta":{"footnotes":""},"categories":[],"class_list":["post-4847","page","type-page","status-publish","hentry"],"lang":"de","translations":{"de":4847,"en":4089,"tr":3843,"ru":4625},"pll_sync_post":[],"_links":{"self":[{"href":"https:\/\/lveel.com.tr\/test\/wp-json\/wp\/v2\/pages\/4847","targetHints":{"allow":["GET"]}}],"collection":[{"href":"https:\/\/lveel.com.tr\/test\/wp-json\/wp\/v2\/pages"}],"about":[{"href":"https:\/\/lveel.com.tr\/test\/wp-json\/wp\/v2\/types\/page"}],"author":[{"embeddable":true,"href":"https:\/\/lveel.com.tr\/test\/wp-json\/wp\/v2\/users\/1"}],"replies":[{"embeddable":true,"href":"https:\/\/lveel.com.tr\/test\/wp-json\/wp\/v2\/comments?post=4847"}],"version-history":[{"count":4,"href":"https:\/\/lveel.com.tr\/test\/wp-json\/wp\/v2\/pages\/4847\/revisions"}],"predecessor-version":[{"id":4851,"href":"https:\/\/lveel.com.tr\/test\/wp-json\/wp\/v2\/pages\/4847\/revisions\/4851"}],"wp:attachment":[{"href":"https:\/\/lveel.com.tr\/test\/wp-json\/wp\/v2\/media?parent=4847"}],"wp:term":[{"taxonomy":"category","embeddable":true,"href":"https:\/\/lveel.com.tr\/test\/wp-json\/wp\/v2\/categories?post=4847"}],"curies":[{"name":"wp","href":"https:\/\/api.w.org\/{rel}","templated":true}]}}