{"id":4324,"date":"2024-04-02T00:38:14","date_gmt":"2024-04-01T21:38:14","guid":{"rendered":"https:\/\/lveel.com.tr\/test\/?page_id=4324"},"modified":"2024-04-15T16:00:51","modified_gmt":"2024-04-15T13:00:51","slug":"nemlendirici-serum","status":"publish","type":"page","link":"https:\/\/lveel.com.tr\/test\/nemlendirici-serum\/","title":{"rendered":"Nemlendirici Serum"},"content":{"rendered":"\t\t<div data-elementor-type=\"wp-page\" data-elementor-id=\"4324\" class=\"elementor elementor-4324\" data-elementor-post-type=\"page\">\n\t\t\t\t<div class=\"elementor-element elementor-element-12c2188 e-flex e-con-boxed elementor-invisible e-con e-parent\" data-id=\"12c2188\" data-element_type=\"container\" data-settings=\"{&quot;background_background&quot;:&quot;gradient&quot;,&quot;animation&quot;:&quot;fadeInDown&quot;,&quot;_ha_eqh_enable&quot;:false}\" data-core-v316-plus=\"true\">\n\t\t\t\t\t<div class=\"e-con-inner\">\n\t\t\t\t<div class=\"elementor-element elementor-element-d2adf7b elementor-widget elementor-widget-heading\" data-id=\"d2adf7b\" data-element_type=\"widget\" data-widget_type=\"heading.default\">\n\t\t\t\t<div class=\"elementor-widget-container\">\n\t\t\t<style>\/*! elementor - v3.20.0 - 26-03-2024 *\/\n.elementor-heading-title{padding:0;margin:0;line-height:1}.elementor-widget-heading .elementor-heading-title[class*=elementor-size-]>a{color:inherit;font-size:inherit;line-height:inherit}.elementor-widget-heading .elementor-heading-title.elementor-size-small{font-size:15px}.elementor-widget-heading .elementor-heading-title.elementor-size-medium{font-size:19px}.elementor-widget-heading .elementor-heading-title.elementor-size-large{font-size:29px}.elementor-widget-heading .elementor-heading-title.elementor-size-xl{font-size:39px}.elementor-widget-heading .elementor-heading-title.elementor-size-xxl{font-size:59px}<\/style><h2 class=\"elementor-heading-title elementor-size-default\"><b>L\u2019VEEL <\/b>Liposomal BIOTECHNOLOGY<\/h2>\t\t<\/div>\n\t\t\t\t<\/div>\n\t\t\t\t\t<\/div>\n\t\t\t\t<\/div>\n\t\t<div class=\"elementor-element elementor-element-9e7699a e-con-full e-flex elementor-invisible e-con e-parent\" data-id=\"9e7699a\" data-element_type=\"container\" data-settings=\"{&quot;background_background&quot;:&quot;classic&quot;,&quot;animation&quot;:&quot;fadeInDown&quot;,&quot;animation_delay&quot;:100,&quot;_ha_eqh_enable&quot;:false}\" data-core-v316-plus=\"true\">\n\t\t\t\t<\/div>\n\t\t<div class=\"elementor-element elementor-element-c12604a e-flex e-con-boxed elementor-invisible e-con e-parent\" data-id=\"c12604a\" data-element_type=\"container\" data-settings=\"{&quot;background_background&quot;:&quot;classic&quot;,&quot;animation&quot;:&quot;fadeInDown&quot;,&quot;animation_delay&quot;:200,&quot;_ha_eqh_enable&quot;:false}\" data-core-v316-plus=\"true\">\n\t\t\t\t\t<div class=\"e-con-inner\">\n\t\t\t\t<div class=\"elementor-element elementor-element-75615f1 elementor-widget elementor-widget-heading\" data-id=\"75615f1\" data-element_type=\"widget\" data-widget_type=\"heading.default\">\n\t\t\t\t<div class=\"elementor-widget-container\">\n\t\t\t<h1 class=\"elementor-heading-title elementor-size-default\">Liposomal Ultra Nemlendirici Serum<\/h1>\t\t<\/div>\n\t\t\t\t<\/div>\n\t\t\t\t\t<\/div>\n\t\t\t\t<\/div>\n\t\t<div class=\"elementor-element elementor-element-9f8a714 e-con-full e-flex elementor-invisible e-con e-parent\" data-id=\"9f8a714\" data-element_type=\"container\" data-settings=\"{&quot;animation&quot;:&quot;fadeInDown&quot;,&quot;animation_delay&quot;:200,&quot;_ha_eqh_enable&quot;:false}\" data-core-v316-plus=\"true\">\n\t\t<div class=\"elementor-element elementor-element-eb0c305 e-con-full e-flex e-con e-child\" data-id=\"eb0c305\" data-element_type=\"container\" data-settings=\"{&quot;_ha_eqh_enable&quot;:false}\">\n\t\t\t\t<div class=\"elementor-element elementor-element-754bb31 elementor-widget elementor-widget-image\" data-id=\"754bb31\" data-element_type=\"widget\" data-widget_type=\"image.default\">\n\t\t\t\t<div class=\"elementor-widget-container\">\n\t\t\t<style>\/*! elementor - v3.20.0 - 26-03-2024 *\/\n.elementor-widget-image{text-align:center}.elementor-widget-image a{display:inline-block}.elementor-widget-image a img[src$=\".svg\"]{width:48px}.elementor-widget-image img{vertical-align:middle;display:inline-block}<\/style>\t\t\t\t\t\t\t\t\t\t<img fetchpriority=\"high\" decoding=\"async\" width=\"1821\" height=\"75\" src=\"https:\/\/lveel.com.tr\/test\/wp-content\/uploads\/alt-siyah.png\" class=\"attachment-full size-full wp-image-4237\" alt=\"\" srcset=\"https:\/\/lveel.com.tr\/test\/wp-content\/uploads\/alt-siyah.png 1821w, https:\/\/lveel.com.tr\/test\/wp-content\/uploads\/alt-siyah-800x33.png 800w, https:\/\/lveel.com.tr\/test\/wp-content\/uploads\/alt-siyah-1024x42.png 1024w, https:\/\/lveel.com.tr\/test\/wp-content\/uploads\/alt-siyah-500x21.png 500w, https:\/\/lveel.com.tr\/test\/wp-content\/uploads\/alt-siyah-768x32.png 768w, https:\/\/lveel.com.tr\/test\/wp-content\/uploads\/alt-siyah-1536x63.png 1536w, https:\/\/lveel.com.tr\/test\/wp-content\/uploads\/alt-siyah-1200x49.png 1200w\" sizes=\"(max-width: 1821px) 100vw, 1821px\" \/>\t\t\t\t\t\t\t\t\t\t\t\t\t<\/div>\n\t\t\t\t<\/div>\n\t\t\t\t<\/div>\n\t\t\t\t<\/div>\n\t\t<div class=\"elementor-element elementor-element-8842d9a e-con-full e-flex e-con e-parent\" data-id=\"8842d9a\" data-element_type=\"container\" data-settings=\"{&quot;background_background&quot;:&quot;classic&quot;,&quot;_ha_eqh_enable&quot;:false}\" data-core-v316-plus=\"true\">\n\t\t<div class=\"elementor-element elementor-element-59046ec e-con-full e-flex e-con e-child\" data-id=\"59046ec\" data-element_type=\"container\" data-settings=\"{&quot;background_background&quot;:&quot;classic&quot;,&quot;_ha_eqh_enable&quot;:false}\">\n\t\t<div class=\"elementor-element elementor-element-32ba794 e-con-full e-flex elementor-invisible e-con e-child\" data-id=\"32ba794\" data-element_type=\"container\" data-settings=\"{&quot;animation&quot;:&quot;fadeInLeft&quot;,&quot;animation_delay&quot;:250,&quot;_ha_eqh_enable&quot;:false}\">\n\t\t\t\t<div class=\"elementor-element elementor-element-d23028c elementor-arrows-position-inside elementor-widget elementor-widget-image-carousel\" data-id=\"d23028c\" data-element_type=\"widget\" data-settings=\"{&quot;slides_to_show&quot;:&quot;1&quot;,&quot;navigation&quot;:&quot;arrows&quot;,&quot;autoplay&quot;:&quot;yes&quot;,&quot;pause_on_hover&quot;:&quot;yes&quot;,&quot;pause_on_interaction&quot;:&quot;yes&quot;,&quot;autoplay_speed&quot;:5000,&quot;infinite&quot;:&quot;yes&quot;,&quot;effect&quot;:&quot;slide&quot;,&quot;speed&quot;:500}\" data-widget_type=\"image-carousel.default\">\n\t\t\t\t<div class=\"elementor-widget-container\">\n\t\t\t<style>\/*! elementor - v3.20.0 - 26-03-2024 *\/\n.elementor-widget-image-carousel .swiper,.elementor-widget-image-carousel .swiper-container{position:static}.elementor-widget-image-carousel .swiper-container .swiper-slide figure,.elementor-widget-image-carousel .swiper .swiper-slide figure{line-height:inherit}.elementor-widget-image-carousel .swiper-slide{text-align:center}.elementor-image-carousel-wrapper:not(.swiper-container-initialized):not(.swiper-initialized) .swiper-slide{max-width:calc(100% \/ var(--e-image-carousel-slides-to-show, 3))}<\/style>\t\t<div class=\"elementor-image-carousel-wrapper swiper\" dir=\"ltr\">\n\t\t\t<div class=\"elementor-image-carousel swiper-wrapper\" aria-live=\"off\">\n\t\t\t\t\t\t\t\t<div class=\"swiper-slide\" role=\"group\" aria-roledescription=\"slide\" aria-label=\"1 \/ 3\"><a data-elementor-open-lightbox=\"yes\" data-elementor-lightbox-slideshow=\"d23028c\" data-elementor-lightbox-title=\"Liposomal Ultra Hydrating Serum\" data-e-action-hash=\"#elementor-action%3Aaction%3Dlightbox%26settings%3DeyJpZCI6NDA0MSwidXJsIjoiaHR0cHM6XC9cL2x2ZWVsLmNvbS50clwvdGVzdFwvd3AtY29udGVudFwvdXBsb2Fkc1wvMjAyNFwvMDFcL0xpcG9zb21hbC1VbHRyYS1IeWRyYXRpbmctU2VydW0uanBnIiwic2xpZGVzaG93IjoiZDIzMDI4YyJ9\" href=\"https:\/\/lveel.com.tr\/test\/wp-content\/uploads\/2024\/01\/Liposomal-Ultra-Hydrating-Serum.jpg\"><figure class=\"swiper-slide-inner\"><img decoding=\"async\" class=\"swiper-slide-image\" src=\"https:\/\/lveel.com.tr\/test\/wp-content\/uploads\/2024\/01\/Liposomal-Ultra-Hydrating-Serum.jpg\" alt=\"Liposomal Ultra Hydrating Serum\" \/><\/figure><\/a><\/div><div class=\"swiper-slide\" role=\"group\" aria-roledescription=\"slide\" aria-label=\"2 \/ 3\"><a data-elementor-open-lightbox=\"yes\" data-elementor-lightbox-slideshow=\"d23028c\" data-elementor-lightbox-title=\"Liposomal Ultra Hydrating Serum\" data-e-action-hash=\"#elementor-action%3Aaction%3Dlightbox%26settings%3DeyJpZCI6MzU1NSwidXJsIjoiaHR0cHM6XC9cL2x2ZWVsLmNvbS50clwvdGVzdFwvd3AtY29udGVudFwvdXBsb2Fkc1wvMjAyNFwvMDFcL0xpcG9zb21hbC1VbHRyYS1IeWRyYXRpbmctU2VydW0tMS5qcGciLCJzbGlkZXNob3ciOiJkMjMwMjhjIn0%3D\" href=\"https:\/\/lveel.com.tr\/test\/wp-content\/uploads\/2024\/01\/Liposomal-Ultra-Hydrating-Serum-1.jpg\"><figure class=\"swiper-slide-inner\"><img decoding=\"async\" class=\"swiper-slide-image\" src=\"https:\/\/lveel.com.tr\/test\/wp-content\/uploads\/2024\/01\/Liposomal-Ultra-Hydrating-Serum-1.jpg\" alt=\"Liposomal Ultra Hydrating Serum\" \/><\/figure><\/a><\/div><div class=\"swiper-slide\" role=\"group\" aria-roledescription=\"slide\" aria-label=\"3 \/ 3\"><a data-elementor-open-lightbox=\"yes\" data-elementor-lightbox-slideshow=\"d23028c\" data-elementor-lightbox-title=\"nemlendiri-serum\" data-e-action-hash=\"#elementor-action%3Aaction%3Dlightbox%26settings%3DeyJpZCI6NDcwNywidXJsIjoiaHR0cHM6XC9cL2x2ZWVsLmNvbS50clwvdGVzdFwvd3AtY29udGVudFwvdXBsb2Fkc1wvbmVtbGVuZGlyaS1zZXJ1bS5qcGVnIiwic2xpZGVzaG93IjoiZDIzMDI4YyJ9\" href=\"https:\/\/lveel.com.tr\/test\/wp-content\/uploads\/nemlendiri-serum.jpeg\"><figure class=\"swiper-slide-inner\"><img decoding=\"async\" class=\"swiper-slide-image\" src=\"https:\/\/lveel.com.tr\/test\/wp-content\/uploads\/nemlendiri-serum.jpeg\" alt=\"nemlendiri-serum\" \/><\/figure><\/a><\/div>\t\t\t<\/div>\n\t\t\t\t\t\t\t\t\t\t\t\t<div class=\"elementor-swiper-button elementor-swiper-button-prev\" role=\"button\" tabindex=\"0\">\n\t\t\t\t\t\t<svg aria-hidden=\"true\" class=\"e-font-icon-svg e-eicon-chevron-left\" viewBox=\"0 0 1000 1000\" xmlns=\"http:\/\/www.w3.org\/2000\/svg\"><path d=\"M646 125C629 125 613 133 604 142L308 442C296 454 292 471 292 487 292 504 296 521 308 533L604 854C617 867 629 875 646 875 663 875 679 871 692 858 704 846 713 829 713 812 713 796 708 779 692 767L438 487 692 225C700 217 708 204 708 187 708 171 704 154 692 142 675 129 663 125 646 125Z\"><\/path><\/svg>\t\t\t\t\t<\/div>\n\t\t\t\t\t<div class=\"elementor-swiper-button elementor-swiper-button-next\" role=\"button\" tabindex=\"0\">\n\t\t\t\t\t\t<svg aria-hidden=\"true\" class=\"e-font-icon-svg e-eicon-chevron-right\" viewBox=\"0 0 1000 1000\" xmlns=\"http:\/\/www.w3.org\/2000\/svg\"><path d=\"M696 533C708 521 713 504 713 487 713 471 708 454 696 446L400 146C388 133 375 125 354 125 338 125 325 129 313 142 300 154 292 171 292 187 292 204 296 221 308 233L563 492 304 771C292 783 288 800 288 817 288 833 296 850 308 863 321 871 338 875 354 875 371 875 388 867 400 854L696 533Z\"><\/path><\/svg>\t\t\t\t\t<\/div>\n\t\t\t\t\n\t\t\t\t\t\t\t\t\t<\/div>\n\t\t\t\t<\/div>\n\t\t\t\t<\/div>\n\t\t\t\t<\/div>\n\t\t\t\t<\/div>\n\t\t<div class=\"elementor-element elementor-element-94f6cd1 e-flex e-con-boxed elementor-invisible e-con e-child\" data-id=\"94f6cd1\" data-element_type=\"container\" data-settings=\"{&quot;animation&quot;:&quot;fadeInRight&quot;,&quot;animation_delay&quot;:250,&quot;_ha_eqh_enable&quot;:false}\">\n\t\t\t\t\t<div class=\"e-con-inner\">\n\t\t<div class=\"elementor-element elementor-element-09c3a26 e-con-full e-flex e-con e-child\" data-id=\"09c3a26\" data-element_type=\"container\" data-settings=\"{&quot;_ha_eqh_enable&quot;:false}\">\n\t\t<div class=\"elementor-element elementor-element-48fb403 e-con-full e-flex e-con e-child\" data-id=\"48fb403\" data-element_type=\"container\" data-settings=\"{&quot;_ha_eqh_enable&quot;:false}\">\n\t\t\t\t<div class=\"elementor-element elementor-element-423658c elementor-widget__width-initial elementor-widget-mobile__width-initial elementor-widget elementor-widget-image\" data-id=\"423658c\" data-element_type=\"widget\" data-widget_type=\"image.default\">\n\t\t\t\t<div class=\"elementor-widget-container\">\n\t\t\t\t\t\t\t\t\t\t\t\t\t<img decoding=\"async\" width=\"326\" height=\"326\" src=\"https:\/\/lveel.com.tr\/test\/wp-content\/uploads\/tum-cilt-tiplerine-tr.jpg\" class=\"attachment-full size-full wp-image-5105\" alt=\"\" srcset=\"https:\/\/lveel.com.tr\/test\/wp-content\/uploads\/tum-cilt-tiplerine-tr.jpg 326w, https:\/\/lveel.com.tr\/test\/wp-content\/uploads\/tum-cilt-tiplerine-tr-100x100.jpg 100w, https:\/\/lveel.com.tr\/test\/wp-content\/uploads\/tum-cilt-tiplerine-tr-50x50.jpg 50w\" sizes=\"(max-width: 326px) 100vw, 326px\" \/>\t\t\t\t\t\t\t\t\t\t\t\t\t<\/div>\n\t\t\t\t<\/div>\n\t\t\t\t<div class=\"elementor-element elementor-element-ec17fdc elementor-widget__width-initial elementor-widget-mobile__width-initial elementor-widget elementor-widget-image\" data-id=\"ec17fdc\" data-element_type=\"widget\" data-widget_type=\"image.default\">\n\t\t\t\t<div class=\"elementor-widget-container\">\n\t\t\t\t\t\t\t\t\t\t\t\t\t<img decoding=\"async\" width=\"326\" height=\"326\" src=\"https:\/\/lveel.com.tr\/test\/wp-content\/uploads\/ultra-cilt-nemlendirici-tr.jpg\" class=\"attachment-full size-full wp-image-5104\" alt=\"\" srcset=\"https:\/\/lveel.com.tr\/test\/wp-content\/uploads\/ultra-cilt-nemlendirici-tr.jpg 326w, https:\/\/lveel.com.tr\/test\/wp-content\/uploads\/ultra-cilt-nemlendirici-tr-100x100.jpg 100w, https:\/\/lveel.com.tr\/test\/wp-content\/uploads\/ultra-cilt-nemlendirici-tr-50x50.jpg 50w\" sizes=\"(max-width: 326px) 100vw, 326px\" \/>\t\t\t\t\t\t\t\t\t\t\t\t\t<\/div>\n\t\t\t\t<\/div>\n\t\t\t\t<\/div>\n\t\t\t\t<div class=\"elementor-element elementor-element-be911bb elementor-widget elementor-widget-heading\" data-id=\"be911bb\" data-element_type=\"widget\" data-widget_type=\"heading.default\">\n\t\t\t\t<div class=\"elementor-widget-container\">\n\t\t\t<h2 class=\"elementor-heading-title elementor-size-default\">Nemlendirici Serum<\/h2>\t\t<\/div>\n\t\t\t\t<\/div>\n\t\t\t\t<div class=\"elementor-element elementor-element-b7d466c elementor-widget elementor-widget-heading\" data-id=\"b7d466c\" data-element_type=\"widget\" data-widget_type=\"heading.default\">\n\t\t\t\t<div class=\"elementor-widget-container\">\n\t\t\t<h4 class=\"elementor-heading-title elementor-size-default\">B5, Postbiyotik, Pentilen Glikol, Butilen Glikol, Propilen Glikol, Gliserin.\nTu\u0308m cilt tiplerine ultra nem sa\u011flamak i\u00e7in olu\u015fturulmu\u015f serum<\/h4>\t\t<\/div>\n\t\t\t\t<\/div>\n\t\t\t\t<\/div>\n\t\t<div class=\"elementor-element elementor-element-6c15170 e-con-full e-flex e-con e-child\" data-id=\"6c15170\" data-element_type=\"container\" data-settings=\"{&quot;_ha_eqh_enable&quot;:false}\">\n\t\t<div class=\"elementor-element elementor-element-42eb184 e-con-full e-flex e-con e-child\" data-id=\"42eb184\" data-element_type=\"container\" data-settings=\"{&quot;_ha_eqh_enable&quot;:false}\">\n\t\t<div class=\"elementor-element elementor-element-98bd6ce e-con-full e-flex e-con e-child\" data-id=\"98bd6ce\" data-element_type=\"container\" data-settings=\"{&quot;_ha_eqh_enable&quot;:false}\">\n\t\t\t\t<div class=\"elementor-element elementor-element-36b3aea elementor-widget elementor-widget-heading\" data-id=\"36b3aea\" data-element_type=\"widget\" data-widget_type=\"heading.default\">\n\t\t\t\t<div class=\"elementor-widget-container\">\n\t\t\t<h2 class=\"elementor-heading-title elementor-size-default\">Kullan\u0131m Amac\u0131<\/h2>\t\t<\/div>\n\t\t\t\t<\/div>\n\t\t<div class=\"elementor-element elementor-element-4589da4 e-con-full elementor-hidden-mobile_extra elementor-hidden-mobile e-flex e-con e-child\" data-id=\"4589da4\" data-element_type=\"container\" data-settings=\"{&quot;background_background&quot;:&quot;classic&quot;,&quot;_ha_eqh_enable&quot;:false}\">\n\t\t\t\t<\/div>\n\t\t\t\t<\/div>\n\t\t<div class=\"elementor-element elementor-element-69e2b16 e-con-full e-flex e-con e-child\" data-id=\"69e2b16\" data-element_type=\"container\" data-settings=\"{&quot;_ha_eqh_enable&quot;:false}\">\n\t\t<div class=\"elementor-element elementor-element-05fce8f e-flex e-con-boxed e-con e-child\" data-id=\"05fce8f\" data-element_type=\"container\" data-settings=\"{&quot;_ha_eqh_enable&quot;:false}\">\n\t\t\t\t\t<div class=\"e-con-inner\">\n\t\t<div class=\"elementor-element elementor-element-2992ea8 e-con-full e-flex e-con e-child\" data-id=\"2992ea8\" data-element_type=\"container\" data-settings=\"{&quot;_ha_eqh_enable&quot;:false}\">\n\t\t\t\t<div class=\"elementor-element elementor-element-1f09494 elementor-widget elementor-widget-text-editor\" data-id=\"1f09494\" data-element_type=\"widget\" data-widget_type=\"text-editor.default\">\n\t\t\t\t<div class=\"elementor-widget-container\">\n\t\t\t<style>\/*! elementor - v3.20.0 - 26-03-2024 *\/\n.elementor-widget-text-editor.elementor-drop-cap-view-stacked .elementor-drop-cap{background-color:#69727d;color:#fff}.elementor-widget-text-editor.elementor-drop-cap-view-framed .elementor-drop-cap{color:#69727d;border:3px solid;background-color:transparent}.elementor-widget-text-editor:not(.elementor-drop-cap-view-default) .elementor-drop-cap{margin-top:8px}.elementor-widget-text-editor:not(.elementor-drop-cap-view-default) .elementor-drop-cap-letter{width:1em;height:1em}.elementor-widget-text-editor .elementor-drop-cap{float:left;text-align:center;line-height:1;font-size:50px}.elementor-widget-text-editor .elementor-drop-cap-letter{display:inline-block}<\/style>\t\t\t\t<ul><li><strong>Cildin tu\u0308m katmanlar\u0131n\u0131n en yu\u0308ksek<\/strong> seviyede nemlenmesine,<\/li><li><strong>Nemlendirici etkinin\u00a0 uzun su\u0308re ciltte<\/strong> muhafaza edilmesine,<\/li><li><strong>Cilt elastikiyetinin\u00a0 artmas\u0131na,<\/strong> k\u0131r\u0131\u015f\u0131kl\u0131klar\u0131n\u00a0 azalmas\u0131na,<\/li><li><strong>\u00c7evresel etkilerden hasarlanan cildin<\/strong> onar\u0131m\u0131na,<\/li><\/ul>\t\t\t\t\t\t<\/div>\n\t\t\t\t<\/div>\n\t\t\t\t<\/div>\n\t\t<div class=\"elementor-element elementor-element-6382409 e-con-full e-flex e-con e-child\" data-id=\"6382409\" data-element_type=\"container\" data-settings=\"{&quot;_ha_eqh_enable&quot;:false}\">\n\t\t\t\t<div class=\"elementor-element elementor-element-92cc1bc elementor-widget elementor-widget-text-editor\" data-id=\"92cc1bc\" data-element_type=\"widget\" data-widget_type=\"text-editor.default\">\n\t\t\t\t<div class=\"elementor-widget-container\">\n\t\t\t\t\t\t\t<ul><li class=\"p1\"><b>Bozulan cilt floras\u0131n\u0131n d\u00fczeltilmesine<span class=\"Apple-converted-space\">\u00a0<\/span><\/b> ve bir dengede tutulmas\u0131na,<span class=\"Apple-converted-space\">\u00a0<\/span><\/li><li class=\"p1\"><b>Cildin p\u00fcr\u00fczs\u00fcz yumu\u015fak ve sa\u011fl\u0131kl\u0131 <\/b>g\u00f6r\u00fcnmesine,<span class=\"Apple-converted-space\">\u00a0<\/span><\/li><li class=\"p1\"><b>Cilt bariyerinin g\u00fc\u00e7lenmesine,<span class=\"Apple-converted-space\">\u00a0<\/span><\/b><\/li><li class=\"p1\"><b>Antioksidan etki olu\u015fmas\u0131na yard\u0131mc\u0131 <\/b>olur.<span class=\"Apple-converted-space\">\u00a0<\/span><\/li><\/ul>\t\t\t\t\t\t<\/div>\n\t\t\t\t<\/div>\n\t\t\t\t<\/div>\n\t\t\t\t\t<\/div>\n\t\t\t\t<\/div>\n\t\t\t\t<\/div>\n\t\t\t\t<\/div>\n\t\t\t\t<\/div>\n\t\t<div class=\"elementor-element elementor-element-d59b843 e-con-full e-flex e-con e-child\" data-id=\"d59b843\" data-element_type=\"container\" data-settings=\"{&quot;_ha_eqh_enable&quot;:false}\">\n\t\t<div class=\"elementor-element elementor-element-a1ee295 e-con-full e-flex e-con e-child\" data-id=\"a1ee295\" data-element_type=\"container\" data-settings=\"{&quot;_ha_eqh_enable&quot;:false}\">\n\t\t<div class=\"elementor-element elementor-element-695e8c3 e-con-full e-flex e-con e-child\" data-id=\"695e8c3\" data-element_type=\"container\" data-settings=\"{&quot;_ha_eqh_enable&quot;:false}\">\n\t\t\t\t<div class=\"elementor-element elementor-element-9f30b0a elementor-widget elementor-widget-heading\" data-id=\"9f30b0a\" data-element_type=\"widget\" data-widget_type=\"heading.default\">\n\t\t\t\t<div class=\"elementor-widget-container\">\n\t\t\t<h2 class=\"elementor-heading-title elementor-size-default\">Kullan\u0131m \u015eekli<\/h2>\t\t<\/div>\n\t\t\t\t<\/div>\n\t\t<div class=\"elementor-element elementor-element-ef7cda3 e-con-full elementor-hidden-mobile_extra elementor-hidden-mobile e-flex e-con e-child\" data-id=\"ef7cda3\" data-element_type=\"container\" data-settings=\"{&quot;background_background&quot;:&quot;classic&quot;,&quot;_ha_eqh_enable&quot;:false}\">\n\t\t\t\t<\/div>\n\t\t\t\t<\/div>\n\t\t<div class=\"elementor-element elementor-element-962a05c e-con-full e-flex e-con e-child\" data-id=\"962a05c\" data-element_type=\"container\" data-settings=\"{&quot;_ha_eqh_enable&quot;:false}\">\n\t\t<div class=\"elementor-element elementor-element-e207753 e-flex e-con-boxed e-con e-child\" data-id=\"e207753\" data-element_type=\"container\" data-settings=\"{&quot;_ha_eqh_enable&quot;:false}\">\n\t\t\t\t\t<div class=\"e-con-inner\">\n\t\t<div class=\"elementor-element elementor-element-4153106 e-con-full e-flex e-con e-child\" data-id=\"4153106\" data-element_type=\"container\" data-settings=\"{&quot;_ha_eqh_enable&quot;:false}\">\n\t\t\t\t<div class=\"elementor-element elementor-element-3323b00 elementor-widget elementor-widget-text-editor\" data-id=\"3323b00\" data-element_type=\"widget\" data-widget_type=\"text-editor.default\">\n\t\t\t\t<div class=\"elementor-widget-container\">\n\t\t\t\t\t\t\t<p class=\"p1\">T\u00fcm cilt tiplerine uygundur. Y\u00fcz, boyun, dekolte ve ellerde kullan\u0131labilir.<span class=\"Apple-converted-space\">\u00a0<br \/><\/span><span style=\"text-align: var(--text-align); font-size: 1rem;\">Temiz cilde g\u00fcnde 2 kez, a\u015f\u0131r\u0131 kuru ve hassas ciltlerde g\u00fcnde 3 kez kullan\u0131labilir.<\/span><span class=\"Apple-converted-space\" style=\"text-align: var(--text-align); font-size: 1rem;\">\u00a0<br \/><\/span><span style=\"text-align: var(--text-align); font-size: 1rem;\">Yeterli miktarda \u00fcr\u00fcn masaj yap\u0131lmadan cilt \u00fczerine s\u00fcr\u00fcl\u00fcr.<\/span><span class=\"Apple-converted-space\" style=\"text-align: var(--text-align); font-size: 1rem;\">\u00a0<\/span><\/p>\t\t\t\t\t\t<\/div>\n\t\t\t\t<\/div>\n\t\t\t\t<\/div>\n\t\t\t\t\t<\/div>\n\t\t\t\t<\/div>\n\t\t\t\t<\/div>\n\t\t\t\t<\/div>\n\t\t\t\t<\/div>\n\t\t<div class=\"elementor-element elementor-element-b2f58cd e-con-full e-flex e-con e-child\" data-id=\"b2f58cd\" data-element_type=\"container\" data-settings=\"{&quot;background_background&quot;:&quot;classic&quot;,&quot;_ha_eqh_enable&quot;:false}\">\n\t\t\t\t<div class=\"elementor-element elementor-element-18a7707 elementor-widget elementor-widget-heading\" data-id=\"18a7707\" data-element_type=\"widget\" data-widget_type=\"heading.default\">\n\t\t\t\t<div class=\"elementor-widget-container\">\n\t\t\t<h2 class=\"elementor-heading-title elementor-size-default\">\u0130\u00e7erik<\/h2>\t\t<\/div>\n\t\t\t\t<\/div>\n\t\t\t\t<div class=\"elementor-element elementor-element-2faa970 elementor-widget elementor-widget-text-editor\" data-id=\"2faa970\" data-element_type=\"widget\" data-widget_type=\"text-editor.default\">\n\t\t\t\t<div class=\"elementor-widget-container\">\n\t\t\t\t\t\t\t<p>AQUA, PENTYLENE GLYCOL, LYSATE FILTRATE (BIFIDOBACTERIUM\/PIOLYS ORBATE 80 FERMENT+LACTOBACILLUS\/ POLYSORBATE 80 FERMENT), PHOSPHATIDYLCHOLINE, PANTHENOL, HYALURONIC ACID, BUTYLENE GLYCOL, GLYCERIN, PROPYLENE GLYCOL, ASCORBYL PALMITATE, TOCOPHEROL.<\/p>\t\t\t\t\t\t<\/div>\n\t\t\t\t<\/div>\n\t\t\t\t<\/div>\n\t\t\t\t\t<\/div>\n\t\t\t\t<\/div>\n\t\t\t\t<\/div>\n\t\t<div class=\"elementor-element elementor-element-8f9620b e-con-full e-flex elementor-invisible e-con e-parent\" data-id=\"8f9620b\" data-element_type=\"container\" data-settings=\"{&quot;animation&quot;:&quot;fadeInUp&quot;,&quot;_ha_eqh_enable&quot;:false}\" data-core-v316-plus=\"true\">\n\t\t\t\t<\/div>\n\t\t\t\t<\/div>\n\t\t","protected":false},"excerpt":{"rendered":"<p>L\u2019VEEL Liposomal BIOTECHNOLOGY Liposomal Ultra Nemlendirici Serum Nemlendirici Serum B5, Postbiyotik, Pentilen Glikol, Butilen Glikol, Propilen Glikol, Gliserin. Tu\u0308m cilt tiplerine ultra nem sa\u011flamak i\u00e7in olu\u015fturulmu\u015f serum Kullan\u0131m Amac\u0131 Cildin tu\u0308m katmanlar\u0131n\u0131n en yu\u0308ksek seviyede nemlenmesine, Nemlendirici etkinin\u00a0 uzun su\u0308re ciltte muhafaza edilmesine, Cilt elastikiyetinin\u00a0 artmas\u0131na, k\u0131r\u0131\u015f\u0131kl\u0131klar\u0131n\u00a0 azalmas\u0131na, \u00c7evresel etkilerden hasarlanan cildin onar\u0131m\u0131na, Bozulan cilt [&hellip;]<\/p>\n","protected":false},"author":1,"featured_media":0,"parent":0,"menu_order":0,"comment_status":"closed","ping_status":"closed","template":"","meta":{"footnotes":""},"categories":[154],"class_list":["post-4324","page","type-page","status-publish","hentry","category-urunler"],"lang":"tr","translations":{"tr":4324,"en":4478,"ru":4714,"de":4889},"pll_sync_post":[],"_links":{"self":[{"href":"https:\/\/lveel.com.tr\/test\/wp-json\/wp\/v2\/pages\/4324","targetHints":{"allow":["GET"]}}],"collection":[{"href":"https:\/\/lveel.com.tr\/test\/wp-json\/wp\/v2\/pages"}],"about":[{"href":"https:\/\/lveel.com.tr\/test\/wp-json\/wp\/v2\/types\/page"}],"author":[{"embeddable":true,"href":"https:\/\/lveel.com.tr\/test\/wp-json\/wp\/v2\/users\/1"}],"replies":[{"embeddable":true,"href":"https:\/\/lveel.com.tr\/test\/wp-json\/wp\/v2\/comments?post=4324"}],"version-history":[{"count":25,"href":"https:\/\/lveel.com.tr\/test\/wp-json\/wp\/v2\/pages\/4324\/revisions"}],"predecessor-version":[{"id":5130,"href":"https:\/\/lveel.com.tr\/test\/wp-json\/wp\/v2\/pages\/4324\/revisions\/5130"}],"wp:attachment":[{"href":"https:\/\/lveel.com.tr\/test\/wp-json\/wp\/v2\/media?parent=4324"}],"wp:term":[{"taxonomy":"category","embeddable":true,"href":"https:\/\/lveel.com.tr\/test\/wp-json\/wp\/v2\/categories?post=4324"}],"curies":[{"name":"wp","href":"https:\/\/api.w.org\/{rel}","templated":true}]}}