{"id":4136,"date":"2024-02-22T17:49:23","date_gmt":"2024-02-22T14:49:23","guid":{"rendered":"https:\/\/lveel.com.tr\/test\/?page_id=4136"},"modified":"2024-02-22T17:52:56","modified_gmt":"2024-02-22T14:52:56","slug":"clarification-form","status":"publish","type":"page","link":"https:\/\/lveel.com.tr\/test\/en\/clarification-form\/","title":{"rendered":"Clarification Form"},"content":{"rendered":"\t\t<div data-elementor-type=\"wp-page\" data-elementor-id=\"4136\" class=\"elementor elementor-4136\" data-elementor-post-type=\"page\">\n\t\t\t\t<div class=\"elementor-element elementor-element-e5471dd animated-slow e-flex e-con-boxed elementor-invisible e-con e-parent\" data-id=\"e5471dd\" data-element_type=\"container\" data-settings=\"{&quot;animation&quot;:&quot;fadeIn&quot;,&quot;animation_delay&quot;:300,&quot;_ha_eqh_enable&quot;:false}\" data-core-v316-plus=\"true\">\n\t\t\t\t\t<div class=\"e-con-inner\">\n\t\t<div class=\"elementor-element elementor-element-a2520d9 e-con-full e-flex e-con e-child\" data-id=\"a2520d9\" data-element_type=\"container\" data-settings=\"{&quot;_ha_eqh_enable&quot;:false}\">\n\t\t\t\t<div class=\"elementor-element elementor-element-436d501 elementor-nav-menu--dropdown-tablet elementor-nav-menu__text-align-aside elementor-nav-menu--toggle elementor-nav-menu--burger elementor-widget elementor-widget-nav-menu\" data-id=\"436d501\" data-element_type=\"widget\" data-settings=\"{&quot;layout&quot;:&quot;vertical&quot;,&quot;submenu_icon&quot;:{&quot;value&quot;:&quot;&lt;svg class=\\&quot;e-font-icon-svg e-fas-caret-down\\&quot; viewBox=\\&quot;0 0 320 512\\&quot; xmlns=\\&quot;http:\\\/\\\/www.w3.org\\\/2000\\\/svg\\&quot;&gt;&lt;path d=\\&quot;M31.3 192h257.3c17.8 0 26.7 21.5 14.1 34.1L174.1 354.8c-7.8 7.8-20.5 7.8-28.3 0L17.2 226.1C4.6 213.5 13.5 192 31.3 192z\\&quot;&gt;&lt;\\\/path&gt;&lt;\\\/svg&gt;&quot;,&quot;library&quot;:&quot;fa-solid&quot;},&quot;toggle&quot;:&quot;burger&quot;}\" data-widget_type=\"nav-menu.default\">\n\t\t\t\t<div class=\"elementor-widget-container\">\n\t\t\t<link rel=\"stylesheet\" href=\"https:\/\/lveel.com.tr\/test\/wp-content\/uploads\/elementor\/css\/custom-pro-widget-nav-menu.min.css?ver=1711973650\">\t\t\t<nav class=\"elementor-nav-menu--main elementor-nav-menu__container elementor-nav-menu--layout-vertical e--pointer-underline e--animation-fade\">\n\t\t\t\t<ul id=\"menu-1-436d501\" class=\"elementor-nav-menu sm-vertical\"><li class=\"menu-item menu-item-type-post_type menu-item-object-page menu-item-4142\"><a href=\"https:\/\/lveel.com.tr\/test\/en\/clarification-form\/\" class=\"elementor-item\">Clarification Form<\/a><\/li>\n<li class=\"menu-item menu-item-type-post_type menu-item-object-page menu-item-4179\"><a href=\"https:\/\/lveel.com.tr\/test\/en\/information-security-policy\/\" class=\"elementor-item\">Information Security Policy<\/a><\/li>\n<li class=\"menu-item menu-item-type-post_type menu-item-object-page menu-item-4178\"><a href=\"https:\/\/lveel.com.tr\/test\/en\/kvkk-clarification-form\/\" class=\"elementor-item\">KVKK Clarification Form<\/a><\/li>\n<li class=\"menu-item menu-item-type-post_type menu-item-object-page menu-item-4177\"><a href=\"https:\/\/lveel.com.tr\/test\/en\/contact-clarification-form\/\" class=\"elementor-item\">Contact Clarification Form<\/a><\/li>\n<\/ul>\t\t\t<\/nav>\n\t\t\t\t\t<div class=\"elementor-menu-toggle\" role=\"button\" tabindex=\"0\" aria-label=\"Menu Toggle\" aria-expanded=\"false\">\n\t\t\t<svg aria-hidden=\"true\" role=\"presentation\" class=\"elementor-menu-toggle__icon--open e-font-icon-svg e-eicon-menu-bar\" viewBox=\"0 0 1000 1000\" xmlns=\"http:\/\/www.w3.org\/2000\/svg\"><path d=\"M104 333H896C929 333 958 304 958 271S929 208 896 208H104C71 208 42 237 42 271S71 333 104 333ZM104 583H896C929 583 958 554 958 521S929 458 896 458H104C71 458 42 487 42 521S71 583 104 583ZM104 833H896C929 833 958 804 958 771S929 708 896 708H104C71 708 42 737 42 771S71 833 104 833Z\"><\/path><\/svg><svg aria-hidden=\"true\" role=\"presentation\" class=\"elementor-menu-toggle__icon--close e-font-icon-svg e-eicon-close\" viewBox=\"0 0 1000 1000\" xmlns=\"http:\/\/www.w3.org\/2000\/svg\"><path d=\"M742 167L500 408 258 167C246 154 233 150 217 150 196 150 179 158 167 167 154 179 150 196 150 212 150 229 154 242 171 254L408 500 167 742C138 771 138 800 167 829 196 858 225 858 254 829L496 587 738 829C750 842 767 846 783 846 800 846 817 842 829 829 842 817 846 804 846 783 846 767 842 750 829 737L588 500 833 258C863 229 863 200 833 171 804 137 775 137 742 167Z\"><\/path><\/svg>\t\t\t<span class=\"elementor-screen-only\">Men\u00fc<\/span>\n\t\t<\/div>\n\t\t\t\t\t<nav class=\"elementor-nav-menu--dropdown elementor-nav-menu__container\" aria-hidden=\"true\">\n\t\t\t\t<ul id=\"menu-2-436d501\" class=\"elementor-nav-menu sm-vertical\"><li class=\"menu-item menu-item-type-post_type menu-item-object-page menu-item-4142\"><a href=\"https:\/\/lveel.com.tr\/test\/en\/clarification-form\/\" class=\"elementor-item\" tabindex=\"-1\">Clarification Form<\/a><\/li>\n<li class=\"menu-item menu-item-type-post_type menu-item-object-page menu-item-4179\"><a href=\"https:\/\/lveel.com.tr\/test\/en\/information-security-policy\/\" class=\"elementor-item\" tabindex=\"-1\">Information Security Policy<\/a><\/li>\n<li class=\"menu-item menu-item-type-post_type menu-item-object-page menu-item-4178\"><a href=\"https:\/\/lveel.com.tr\/test\/en\/kvkk-clarification-form\/\" class=\"elementor-item\" tabindex=\"-1\">KVKK Clarification Form<\/a><\/li>\n<li class=\"menu-item menu-item-type-post_type menu-item-object-page menu-item-4177\"><a href=\"https:\/\/lveel.com.tr\/test\/en\/contact-clarification-form\/\" class=\"elementor-item\" tabindex=\"-1\">Contact Clarification Form<\/a><\/li>\n<\/ul>\t\t\t<\/nav>\n\t\t\t\t<\/div>\n\t\t\t\t<\/div>\n\t\t\t\t<\/div>\n\t\t<div class=\"elementor-element elementor-element-be56439 e-con-full e-flex e-con e-child\" data-id=\"be56439\" data-element_type=\"container\" data-settings=\"{&quot;_ha_eqh_enable&quot;:false}\">\n\t\t\t\t<div class=\"elementor-element elementor-element-e03a333 elementor-widget elementor-widget-heading\" data-id=\"e03a333\" data-element_type=\"widget\" data-widget_type=\"heading.default\">\n\t\t\t\t<div class=\"elementor-widget-container\">\n\t\t\t<style>\/*! elementor - v3.20.0 - 26-03-2024 *\/\n.elementor-heading-title{padding:0;margin:0;line-height:1}.elementor-widget-heading .elementor-heading-title[class*=elementor-size-]>a{color:inherit;font-size:inherit;line-height:inherit}.elementor-widget-heading .elementor-heading-title.elementor-size-small{font-size:15px}.elementor-widget-heading .elementor-heading-title.elementor-size-medium{font-size:19px}.elementor-widget-heading .elementor-heading-title.elementor-size-large{font-size:29px}.elementor-widget-heading .elementor-heading-title.elementor-size-xl{font-size:39px}.elementor-widget-heading .elementor-heading-title.elementor-size-xxl{font-size:59px}<\/style><h2 class=\"elementor-heading-title elementor-size-default\">Clarification Form<\/h2>\t\t<\/div>\n\t\t\t\t<\/div>\n\t\t\t\t<div class=\"elementor-element elementor-element-29ebf45 elementor-widget elementor-widget-text-editor\" data-id=\"29ebf45\" data-element_type=\"widget\" data-widget_type=\"text-editor.default\">\n\t\t\t\t<div class=\"elementor-widget-container\">\n\t\t\t<style>\/*! elementor - v3.20.0 - 26-03-2024 *\/\n.elementor-widget-text-editor.elementor-drop-cap-view-stacked .elementor-drop-cap{background-color:#69727d;color:#fff}.elementor-widget-text-editor.elementor-drop-cap-view-framed .elementor-drop-cap{color:#69727d;border:3px solid;background-color:transparent}.elementor-widget-text-editor:not(.elementor-drop-cap-view-default) .elementor-drop-cap{margin-top:8px}.elementor-widget-text-editor:not(.elementor-drop-cap-view-default) .elementor-drop-cap-letter{width:1em;height:1em}.elementor-widget-text-editor .elementor-drop-cap{float:left;text-align:center;line-height:1;font-size:50px}.elementor-widget-text-editor .elementor-drop-cap-letter{display:inline-block}<\/style>\t\t\t\t<p>STEM HEALTH PRODUCTS COSMETICS IND. AND TRADE LTD. \u015eT\u0130. COMPANY PROTECTION AND PROCESSING OF PERSONAL DATA CONTACT INFORMATION TEXT<\/p><p>Your personal data will be sent to \u0130\u00e7erenk\u00f6y Mah as the data controller. Central Mosque St. Stem Sa\u011fl\u0131k \u00dcr\u00fcnleri Kozmetik San. located at \u0130\u00e7erenk\u00f6y \u0130\u015f Merkezi No:15-17 Floor:5 Ata\u015fehir\/\u0130stanbul. and Tic. Ltd. \u015eti (&#8220;Company&#8221;), in accordance with the Personal Data Protection Law No. 6698 (&#8220;Law&#8221;), within the scope explained below.<\/p><p>Your Personal Data Processed, Purposes of Processing and Legal Reason<\/p><p><b>We process your personal data as explained in detail below, in accordance with the legal reason that data processing is mandatory for the legitimate interests of the data controller, provided that it does not harm the fundamental rights and freedoms of the relevant person within the scope of the processing conditions listed in Article 5 of the KVKK, and for this purpose, we process the data collected through the contact form. Your surname, title, company, telephone, e-mail and information regarding your request will be processed.<\/b><\/p><ul><li><b>Answering your request,<\/b><\/li><li><b>Being able to communicate with you about the subject you applied for,<\/b><\/li><li><b>Ensuring transaction security,<\/b><\/li><\/ul><p>To Whom and For What Purposes Your Processed Personal Data Can Be Transferred<\/p><p>Your personal data, in accordance with Articles 8 and 9 of the KVKK, to the extent necessary to achieve the above-mentioned purposes and limited to these purposes;<\/p><p>Company employees to respond to your requests,<br \/>If necessary, lawyers and consultants to protect our rights and interests,<br \/>IT company from which services are received regarding the website,<\/p><p>Collection Method of Your Personal Data<\/p><p>Your personal data is collected automatically via electronic media by filling out the contact form on the website and is processed within the scope of the above-mentioned purposes.<\/p><p>\u00a0<\/p><p>Your Rights Listed in Article 11 of the Law<\/p><p>We would like to remind you that<\/p><p>Learning whether your personal data is being processed or not,<br \/>Requesting information regarding processing,<br \/>Learning the purpose of processing and whether they are used for their intended purpose,<br \/>Knowing the third parties to whom it is transferred,<br \/>To request correction of incomplete or incorrect processing, and to notify third parties to whom your personal data has been transferred if you exercise this right,<br \/>To request deletion or destruction, and to request that third parties to whom your personal data has been transferred be notified if you exercise this right,<br \/>You have the right to object to the result about you obtained through the analysis of the information we have obtained through automatic systems and to request compensation in case we suffer damage.<\/p><p>You can submit your applications regarding your rights listed above to our Company by filling out the Data Subject Application Form, which you can access from the &#8220;KVKK&#8221; page at https:\/\/stemturk.com.tr\/. Depending on the nature of your request, your applications will be finalized free of charge as soon as possible and within thirty days at the latest; However, if the process requires an additional cost, you may be charged according to the tariff determined by the Personal Data Protection Board.<\/p>\t\t\t\t\t\t<\/div>\n\t\t\t\t<\/div>\n\t\t\t\t<\/div>\n\t\t\t\t\t<\/div>\n\t\t\t\t<\/div>\n\t\t\t\t<\/div>\n\t\t","protected":false},"excerpt":{"rendered":"<p>STEM HEALTH PRODUCTS COSMETICS IND. AND TRADE LTD. \u015eT\u0130. COMPANY PROTECTION AND PROCESSING OF PERSONAL DATA CONTACT INFORMATION TEXT Your personal data will be sent to \u0130\u00e7erenk\u00f6y Mah as the data controller. Central Mosque St. Stem Sa\u011fl\u0131k \u00dcr\u00fcnleri Kozmetik San. located at \u0130\u00e7erenk\u00f6y \u0130\u015f Merkezi No:15-17 Floor:5 Ata\u015fehir\/\u0130stanbul. and Tic. Ltd. \u015eti (&#8220;Company&#8221;), in accordance [&hellip;]<\/p>\n","protected":false},"author":1,"featured_media":0,"parent":0,"menu_order":0,"comment_status":"closed","ping_status":"closed","template":"","meta":{"footnotes":""},"categories":[],"class_list":["post-4136","page","type-page","status-publish","hentry"],"lang":"en","translations":{"en":4136,"tr":3886},"pll_sync_post":[],"_links":{"self":[{"href":"https:\/\/lveel.com.tr\/test\/wp-json\/wp\/v2\/pages\/4136","targetHints":{"allow":["GET"]}}],"collection":[{"href":"https:\/\/lveel.com.tr\/test\/wp-json\/wp\/v2\/pages"}],"about":[{"href":"https:\/\/lveel.com.tr\/test\/wp-json\/wp\/v2\/types\/page"}],"author":[{"embeddable":true,"href":"https:\/\/lveel.com.tr\/test\/wp-json\/wp\/v2\/users\/1"}],"replies":[{"embeddable":true,"href":"https:\/\/lveel.com.tr\/test\/wp-json\/wp\/v2\/comments?post=4136"}],"version-history":[{"count":10,"href":"https:\/\/lveel.com.tr\/test\/wp-json\/wp\/v2\/pages\/4136\/revisions"}],"predecessor-version":[{"id":4148,"href":"https:\/\/lveel.com.tr\/test\/wp-json\/wp\/v2\/pages\/4136\/revisions\/4148"}],"wp:attachment":[{"href":"https:\/\/lveel.com.tr\/test\/wp-json\/wp\/v2\/media?parent=4136"}],"wp:term":[{"taxonomy":"category","embeddable":true,"href":"https:\/\/lveel.com.tr\/test\/wp-json\/wp\/v2\/categories?post=4136"}],"curies":[{"name":"wp","href":"https:\/\/api.w.org\/{rel}","templated":true}]}}