{"id":3915,"date":"2024-02-13T17:14:56","date_gmt":"2024-02-13T14:14:56","guid":{"rendered":"https:\/\/lveel.com.tr\/test\/?page_id=3915"},"modified":"2024-02-13T17:15:27","modified_gmt":"2024-02-13T14:15:27","slug":"iletisim-aydinlatma-metni","status":"publish","type":"page","link":"https:\/\/lveel.com.tr\/test\/iletisim-aydinlatma-metni\/","title":{"rendered":"\u0130leti\u015fim Ayd\u0131nlatma Metni"},"content":{"rendered":"\t\t<div data-elementor-type=\"wp-page\" data-elementor-id=\"3915\" class=\"elementor elementor-3915\" data-elementor-post-type=\"page\">\n\t\t\t\t<div class=\"elementor-element elementor-element-e5471dd animated-slow e-flex e-con-boxed elementor-invisible e-con e-parent\" data-id=\"e5471dd\" data-element_type=\"container\" data-settings=\"{&quot;animation&quot;:&quot;fadeIn&quot;,&quot;animation_delay&quot;:300,&quot;_ha_eqh_enable&quot;:false}\" data-core-v316-plus=\"true\">\n\t\t\t\t\t<div class=\"e-con-inner\">\n\t\t<div class=\"elementor-element elementor-element-a2520d9 e-con-full e-flex e-con e-child\" data-id=\"a2520d9\" data-element_type=\"container\" data-settings=\"{&quot;_ha_eqh_enable&quot;:false}\">\n\t\t\t\t<div class=\"elementor-element elementor-element-436d501 elementor-nav-menu--dropdown-tablet elementor-nav-menu__text-align-aside elementor-nav-menu--toggle elementor-nav-menu--burger elementor-widget elementor-widget-nav-menu\" data-id=\"436d501\" data-element_type=\"widget\" data-settings=\"{&quot;layout&quot;:&quot;vertical&quot;,&quot;submenu_icon&quot;:{&quot;value&quot;:&quot;&lt;svg class=\\&quot;e-font-icon-svg e-fas-caret-down\\&quot; viewBox=\\&quot;0 0 320 512\\&quot; xmlns=\\&quot;http:\\\/\\\/www.w3.org\\\/2000\\\/svg\\&quot;&gt;&lt;path d=\\&quot;M31.3 192h257.3c17.8 0 26.7 21.5 14.1 34.1L174.1 354.8c-7.8 7.8-20.5 7.8-28.3 0L17.2 226.1C4.6 213.5 13.5 192 31.3 192z\\&quot;&gt;&lt;\\\/path&gt;&lt;\\\/svg&gt;&quot;,&quot;library&quot;:&quot;fa-solid&quot;},&quot;toggle&quot;:&quot;burger&quot;}\" data-widget_type=\"nav-menu.default\">\n\t\t\t\t<div class=\"elementor-widget-container\">\n\t\t\t<link rel=\"stylesheet\" href=\"https:\/\/lveel.com.tr\/test\/wp-content\/uploads\/elementor\/css\/custom-pro-widget-nav-menu.min.css?ver=1711973650\">\t\t\t<nav class=\"elementor-nav-menu--main elementor-nav-menu__container elementor-nav-menu--layout-vertical e--pointer-underline e--animation-fade\">\n\t\t\t\t<ul id=\"menu-1-436d501\" class=\"elementor-nav-menu sm-vertical\"><li class=\"menu-item menu-item-type-post_type menu-item-object-page menu-item-3891\"><a href=\"https:\/\/lveel.com.tr\/test\/aydinlatma-metni\/\" class=\"elementor-item\">Ayd\u0131nlatma Metni<\/a><\/li>\n<li class=\"menu-item menu-item-type-post_type menu-item-object-page menu-item-3905\"><a href=\"https:\/\/lveel.com.tr\/test\/bilgi-guvenligi-politikasi\/\" class=\"elementor-item\">Bilgi G\u00fcvenli\u011fi Politikas\u0131<\/a><\/li>\n<li class=\"menu-item menu-item-type-post_type menu-item-object-page menu-item-3913\"><a href=\"https:\/\/lveel.com.tr\/test\/kvkk-aydinlatma-metni\/\" class=\"elementor-item\">KVKK Ayd\u0131nlatma Metni<\/a><\/li>\n<li class=\"menu-item menu-item-type-post_type menu-item-object-page menu-item-3920\"><a href=\"https:\/\/lveel.com.tr\/test\/iletisim-aydinlatma-metni\/\" class=\"elementor-item\">\u0130leti\u015fim Ayd\u0131nlatma Metni<\/a><\/li>\n<\/ul>\t\t\t<\/nav>\n\t\t\t\t\t<div class=\"elementor-menu-toggle\" role=\"button\" tabindex=\"0\" aria-label=\"Menu Toggle\" aria-expanded=\"false\">\n\t\t\t<svg aria-hidden=\"true\" role=\"presentation\" class=\"elementor-menu-toggle__icon--open e-font-icon-svg e-eicon-menu-bar\" viewBox=\"0 0 1000 1000\" xmlns=\"http:\/\/www.w3.org\/2000\/svg\"><path d=\"M104 333H896C929 333 958 304 958 271S929 208 896 208H104C71 208 42 237 42 271S71 333 104 333ZM104 583H896C929 583 958 554 958 521S929 458 896 458H104C71 458 42 487 42 521S71 583 104 583ZM104 833H896C929 833 958 804 958 771S929 708 896 708H104C71 708 42 737 42 771S71 833 104 833Z\"><\/path><\/svg><svg aria-hidden=\"true\" role=\"presentation\" class=\"elementor-menu-toggle__icon--close e-font-icon-svg e-eicon-close\" viewBox=\"0 0 1000 1000\" xmlns=\"http:\/\/www.w3.org\/2000\/svg\"><path d=\"M742 167L500 408 258 167C246 154 233 150 217 150 196 150 179 158 167 167 154 179 150 196 150 212 150 229 154 242 171 254L408 500 167 742C138 771 138 800 167 829 196 858 225 858 254 829L496 587 738 829C750 842 767 846 783 846 800 846 817 842 829 829 842 817 846 804 846 783 846 767 842 750 829 737L588 500 833 258C863 229 863 200 833 171 804 137 775 137 742 167Z\"><\/path><\/svg>\t\t\t<span class=\"elementor-screen-only\">Men\u00fc<\/span>\n\t\t<\/div>\n\t\t\t\t\t<nav class=\"elementor-nav-menu--dropdown elementor-nav-menu__container\" aria-hidden=\"true\">\n\t\t\t\t<ul id=\"menu-2-436d501\" class=\"elementor-nav-menu sm-vertical\"><li class=\"menu-item menu-item-type-post_type menu-item-object-page menu-item-3891\"><a href=\"https:\/\/lveel.com.tr\/test\/aydinlatma-metni\/\" class=\"elementor-item\" tabindex=\"-1\">Ayd\u0131nlatma Metni<\/a><\/li>\n<li class=\"menu-item menu-item-type-post_type menu-item-object-page menu-item-3905\"><a href=\"https:\/\/lveel.com.tr\/test\/bilgi-guvenligi-politikasi\/\" class=\"elementor-item\" tabindex=\"-1\">Bilgi G\u00fcvenli\u011fi Politikas\u0131<\/a><\/li>\n<li class=\"menu-item menu-item-type-post_type menu-item-object-page menu-item-3913\"><a href=\"https:\/\/lveel.com.tr\/test\/kvkk-aydinlatma-metni\/\" class=\"elementor-item\" tabindex=\"-1\">KVKK Ayd\u0131nlatma Metni<\/a><\/li>\n<li class=\"menu-item menu-item-type-post_type menu-item-object-page menu-item-3920\"><a href=\"https:\/\/lveel.com.tr\/test\/iletisim-aydinlatma-metni\/\" class=\"elementor-item\" tabindex=\"-1\">\u0130leti\u015fim Ayd\u0131nlatma Metni<\/a><\/li>\n<\/ul>\t\t\t<\/nav>\n\t\t\t\t<\/div>\n\t\t\t\t<\/div>\n\t\t\t\t<\/div>\n\t\t<div class=\"elementor-element elementor-element-be56439 e-con-full e-flex e-con e-child\" data-id=\"be56439\" data-element_type=\"container\" data-settings=\"{&quot;_ha_eqh_enable&quot;:false}\">\n\t\t\t\t<div class=\"elementor-element elementor-element-e03a333 elementor-widget elementor-widget-heading\" data-id=\"e03a333\" data-element_type=\"widget\" data-widget_type=\"heading.default\">\n\t\t\t\t<div class=\"elementor-widget-container\">\n\t\t\t<style>\/*! elementor - v3.20.0 - 26-03-2024 *\/\n.elementor-heading-title{padding:0;margin:0;line-height:1}.elementor-widget-heading .elementor-heading-title[class*=elementor-size-]>a{color:inherit;font-size:inherit;line-height:inherit}.elementor-widget-heading .elementor-heading-title.elementor-size-small{font-size:15px}.elementor-widget-heading .elementor-heading-title.elementor-size-medium{font-size:19px}.elementor-widget-heading .elementor-heading-title.elementor-size-large{font-size:29px}.elementor-widget-heading .elementor-heading-title.elementor-size-xl{font-size:39px}.elementor-widget-heading .elementor-heading-title.elementor-size-xxl{font-size:59px}<\/style><h2 class=\"elementor-heading-title elementor-size-default\">\u0130leti\u015fim Ayd\u0131nlatma Metni<\/h2>\t\t<\/div>\n\t\t\t\t<\/div>\n\t\t\t\t<div class=\"elementor-element elementor-element-29ebf45 elementor-widget elementor-widget-text-editor\" data-id=\"29ebf45\" data-element_type=\"widget\" data-widget_type=\"text-editor.default\">\n\t\t\t\t<div class=\"elementor-widget-container\">\n\t\t\t<style>\/*! elementor - v3.20.0 - 26-03-2024 *\/\n.elementor-widget-text-editor.elementor-drop-cap-view-stacked .elementor-drop-cap{background-color:#69727d;color:#fff}.elementor-widget-text-editor.elementor-drop-cap-view-framed .elementor-drop-cap{color:#69727d;border:3px solid;background-color:transparent}.elementor-widget-text-editor:not(.elementor-drop-cap-view-default) .elementor-drop-cap{margin-top:8px}.elementor-widget-text-editor:not(.elementor-drop-cap-view-default) .elementor-drop-cap-letter{width:1em;height:1em}.elementor-widget-text-editor .elementor-drop-cap{float:left;text-align:center;line-height:1;font-size:50px}.elementor-widget-text-editor .elementor-drop-cap-letter{display:inline-block}<\/style>\t\t\t\t<p><strong>STEM SA\u011eLIK \u00dcR\u00dcLER\u0130 KOZMET\u0130K SAN.\u00a0 VE T\u0130C. LTD. \u015eT\u0130. \u015e\u0130RKET\u0130 K\u0130\u015e\u0130SEL VER\u0130LER\u0130N KORUNMASI VE \u0130\u015eLENMES\u0130 \u0130LET\u0130\u015e\u0130M AYDINLATMA METN\u0130<\/strong><\/p><p><strong>\u00a0<\/strong><\/p><p>Ki\u015fisel verileriniz veri sorumlusu s\u0131fat\u0131yla \u0130\u00e7erenk\u00f6y Mah. Merkez Camii Sok. \u0130\u00e7erenk\u00f6y \u0130\u015f Merkezi No:15-17 Kat:5 Ata\u015fehir\/\u0130stanbul adresinde mukim Stem Sa\u011fl\u0131k \u00dcr\u00fcnleri Kozmetik San. ve Tic. Ltd. \u015eti ( \u201c<strong>\u015eirket<\/strong>\u201d) taraf\u0131ndan, 6698 say\u0131l\u0131 Ki\u015fisel Verilerin Korunmas\u0131 Kanunu (\u201c<strong>Kanun<\/strong>\u201d) uyar\u0131nca a\u015fa\u011f\u0131da a\u00e7\u0131klanan kapsamda i\u015flenebilecektir.<\/p><p><strong>\u00a0<\/strong><\/p><ol><li><strong>\u0130\u015flenen Ki\u015fisel Verileriniz, \u0130\u015fleme Ama\u00e7lar\u0131 ve Hukuki Sebebi<\/strong><\/li><\/ol><p><strong>Ki\u015fisel verilerinizi KVKK\u2019\u0131n 5\u2019inc\u0131 maddelerinde say\u0131lan i\u015fleme \u015fartlar\u0131 kapsam\u0131nda ilgili ki\u015finin temel hak ve \u00f6zg\u00fcrl\u00fcklerine zarar vermemek kayd\u0131yla, veri sorumlusunun me\u015fru menfaatleri i\u00e7in veri i\u015flenmesinin zorunlu olmas\u0131 hukuki sebebi uyar\u0131nca a\u015fa\u011f\u0131da detayl\u0131ca a\u00e7\u0131kland\u0131\u011f\u0131 \u00fczere i\u015flemekteyiz ve bu ama\u00e7 ile ileti\u015fim formu \u00fczerinden toplanan ad-soyad, unvan, firma, telefon, e-posta ve talebinize ili\u015fkin bilgileriniz i\u015flenecektir.<\/strong><\/p><ul><li><strong>Talebinizin cevapland\u0131r\u0131lmas\u0131,<\/strong><\/li><li><strong>ba\u015fvuruda bulundu\u011funuz konu hakk\u0131nda sizinle ileti\u015fim kurulabilmesi,<\/strong><\/li><li><strong>\u0130\u015flem g\u00fcvenli\u011finin sa\u011flanmas\u0131,<\/strong><\/li><\/ul><ol start=\"2\"><li><strong>\u0130\u015flenen Ki\u015fisel Verilerinizin Kimlere ve Hangi Ama\u00e7la Aktar\u0131labilece\u011fi<\/strong><\/li><\/ol><p>Ki\u015fisel verileriniz, yukar\u0131da belirtilen ama\u00e7lar\u0131n ger\u00e7ekle\u015ftirilebilmesi i\u00e7in gerekti\u011fi \u00f6l\u00e7\u00fcde ve bu ama\u00e7larla s\u0131n\u0131rl\u0131 olmak kayd\u0131yla KVKK\u2019n\u0131n 8 ve 9\u2019uncu maddelerine uygun olarak;<\/p><ul><li>Taleplerinize cevap verilebilmesi i\u00e7in \u015firket \u00e7al\u0131\u015fanalar\u0131,<\/li><li>Gerekmesi halinde hak ve menfaatlerimizin korunmas\u0131 i\u00e7in avukatlar ve dan\u0131\u015fmanlar,<\/li><li>Web sitesi i ile ilgili hizmet al\u0131nan IT \u015firketi,<\/li><\/ul><ol start=\"3\"><li><strong>Ki\u015fisel Verilerinizin Toplama Y\u00f6ntemi<\/strong><\/li><\/ol><p>Ki\u015fisel verileriniz web sitesindeki ileti\u015fim formunu doldurman\u0131z vas\u0131tas\u0131yla<strong>\u00a0elektronik ortam arac\u0131l\u0131\u011f\u0131 ile otomatik olarak\u00a0<\/strong>toplanmakta ve yukar\u0131da belirtilen ama\u00e7lar kapsam\u0131nda i\u015flenmektedir.<\/p><p><strong>\u00a0<\/strong><\/p><ol start=\"4\"><li><strong>Kanun\u2019un 11\u2019inci Maddesinde Say\u0131lan Haklar\u0131n\u0131z<\/strong><\/li><\/ol><p>Hat\u0131rlatmak isteriz ki,<\/p><ul><li>Ki\u015fisel verilerinizin i\u015flenip i\u015flenmedi\u011fini \u00f6\u011frenme,<\/li><li>\u0130\u015flendi\u011fine ili\u015fkin bilgi talep etme,<\/li><li>i\u015flenme amac\u0131n\u0131 ve bunlar\u0131n amac\u0131na uygun kullan\u0131l\u0131p kullan\u0131lmad\u0131\u011f\u0131n\u0131 \u00f6\u011frenme,<\/li><li>Aktar\u0131ld\u0131\u011f\u0131 \u00fc\u00e7\u00fcnc\u00fc ki\u015fileri bilme,<\/li><li>Eksik veya yanl\u0131\u015f i\u015flenmi\u015f olmas\u0131 halinde bunlar\u0131n d\u00fczeltilmesini talep etme, bu hakk\u0131n\u0131z\u0131 kullanman\u0131z halinde ki\u015fisel verilerinizin aktar\u0131ld\u0131\u011f\u0131 \u00fc\u00e7\u00fcnc\u00fc ki\u015filere de bildirilmesini isteme,<\/li><li>Silinmesini veya yok edilmesini isteme, bu hakk\u0131n\u0131z\u0131 kullanman\u0131z halinde ki\u015fisel verilerinizin aktar\u0131ld\u0131\u011f\u0131 \u00fc\u00e7\u00fcnc\u00fc ki\u015filere de bildirilmesini isteme,<\/li><li>Elde etti\u011fimiz bilgilerin otomatik sistemler ile analizi yoluyla hakk\u0131n\u0131zda ortaya \u00e7\u0131kan sonuca itiraz etme ve zarara u\u011framam\u0131z halinde tazminat talep etme haklar\u0131n\u0131z bulunmaktad\u0131r.<\/li><\/ul><p>\u00a0<\/p><p>Yukar\u0131da s\u0131ralanan haklar\u0131n\u0131za y\u00f6nelik ba\u015fvurular\u0131n\u0131z\u0131,\u00a0<a href=\"https:\/\/stemturk.com.tr\/\">https:\/\/stemturk.com.tr\/<\/a>\u00a0adresinde \u201cKVKK\u201d sayfas\u0131ndan ula\u015fabilece\u011finiz Veri Sahibi Ba\u015fvuru Formu\u2019nu doldurarak \u015eirketimize iletebilirsiniz.\u00a0 Talebinizin niteli\u011fine g\u00f6re en k\u0131sa s\u00fcrede ve en ge\u00e7 otuz g\u00fcn i\u00e7inde ba\u015fvurular\u0131n\u0131z \u00fccretsiz olarak sonu\u00e7land\u0131r\u0131lacakt\u0131r; ancak i\u015flemin ayr\u0131ca bir maliyet gerektirmesi halinde Ki\u015fisel Verileri Koruma Kurulu taraf\u0131ndan belirlenecek tarifeye g\u00f6re taraf\u0131n\u0131zdan \u00fccret talep edilebilecektir.<\/p>\t\t\t\t\t\t<\/div>\n\t\t\t\t<\/div>\n\t\t\t\t<\/div>\n\t\t\t\t\t<\/div>\n\t\t\t\t<\/div>\n\t\t\t\t<\/div>\n\t\t","protected":false},"excerpt":{"rendered":"<p>STEM SA\u011eLIK \u00dcR\u00dcLER\u0130 KOZMET\u0130K SAN.\u00a0 VE T\u0130C. LTD. \u015eT\u0130. \u015e\u0130RKET\u0130 K\u0130\u015e\u0130SEL VER\u0130LER\u0130N KORUNMASI VE \u0130\u015eLENMES\u0130 \u0130LET\u0130\u015e\u0130M AYDINLATMA METN\u0130 \u00a0 Ki\u015fisel verileriniz veri sorumlusu s\u0131fat\u0131yla \u0130\u00e7erenk\u00f6y Mah. Merkez Camii Sok. \u0130\u00e7erenk\u00f6y \u0130\u015f Merkezi No:15-17 Kat:5 Ata\u015fehir\/\u0130stanbul adresinde mukim Stem Sa\u011fl\u0131k \u00dcr\u00fcnleri Kozmetik San. ve Tic. Ltd. \u015eti ( \u201c\u015eirket\u201d) taraf\u0131ndan, 6698 say\u0131l\u0131 Ki\u015fisel Verilerin Korunmas\u0131 Kanunu [&hellip;]<\/p>\n","protected":false},"author":1,"featured_media":0,"parent":0,"menu_order":0,"comment_status":"closed","ping_status":"closed","template":"","meta":{"footnotes":""},"categories":[],"class_list":["post-3915","page","type-page","status-publish","hentry"],"lang":"tr","translations":{"tr":3915,"en":4167},"pll_sync_post":[],"_links":{"self":[{"href":"https:\/\/lveel.com.tr\/test\/wp-json\/wp\/v2\/pages\/3915","targetHints":{"allow":["GET"]}}],"collection":[{"href":"https:\/\/lveel.com.tr\/test\/wp-json\/wp\/v2\/pages"}],"about":[{"href":"https:\/\/lveel.com.tr\/test\/wp-json\/wp\/v2\/types\/page"}],"author":[{"embeddable":true,"href":"https:\/\/lveel.com.tr\/test\/wp-json\/wp\/v2\/users\/1"}],"replies":[{"embeddable":true,"href":"https:\/\/lveel.com.tr\/test\/wp-json\/wp\/v2\/comments?post=3915"}],"version-history":[{"count":4,"href":"https:\/\/lveel.com.tr\/test\/wp-json\/wp\/v2\/pages\/3915\/revisions"}],"predecessor-version":[{"id":3919,"href":"https:\/\/lveel.com.tr\/test\/wp-json\/wp\/v2\/pages\/3915\/revisions\/3919"}],"wp:attachment":[{"href":"https:\/\/lveel.com.tr\/test\/wp-json\/wp\/v2\/media?parent=3915"}],"wp:term":[{"taxonomy":"category","embeddable":true,"href":"https:\/\/lveel.com.tr\/test\/wp-json\/wp\/v2\/categories?post=3915"}],"curies":[{"name":"wp","href":"https:\/\/api.w.org\/{rel}","templated":true}]}}