{"id":3899,"date":"2024-02-13T17:08:38","date_gmt":"2024-02-13T14:08:38","guid":{"rendered":"https:\/\/lveel.com.tr\/test\/?page_id=3899"},"modified":"2024-02-13T17:09:10","modified_gmt":"2024-02-13T14:09:10","slug":"bilgi-guvenligi-politikasi","status":"publish","type":"page","link":"https:\/\/lveel.com.tr\/test\/bilgi-guvenligi-politikasi\/","title":{"rendered":"Bilgi G\u00fcvenli\u011fi Politikas\u0131"},"content":{"rendered":"\t\t<div data-elementor-type=\"wp-page\" data-elementor-id=\"3899\" class=\"elementor elementor-3899\" data-elementor-post-type=\"page\">\n\t\t\t\t<div class=\"elementor-element elementor-element-e5471dd animated-slow e-flex e-con-boxed elementor-invisible e-con e-parent\" data-id=\"e5471dd\" data-element_type=\"container\" data-settings=\"{&quot;animation&quot;:&quot;fadeIn&quot;,&quot;animation_delay&quot;:300,&quot;_ha_eqh_enable&quot;:false}\" data-core-v316-plus=\"true\">\n\t\t\t\t\t<div class=\"e-con-inner\">\n\t\t<div class=\"elementor-element elementor-element-a2520d9 e-con-full e-flex e-con e-child\" data-id=\"a2520d9\" data-element_type=\"container\" data-settings=\"{&quot;_ha_eqh_enable&quot;:false}\">\n\t\t\t\t<div class=\"elementor-element elementor-element-436d501 elementor-nav-menu--dropdown-tablet elementor-nav-menu__text-align-aside elementor-nav-menu--toggle elementor-nav-menu--burger elementor-widget elementor-widget-nav-menu\" data-id=\"436d501\" data-element_type=\"widget\" data-settings=\"{&quot;layout&quot;:&quot;vertical&quot;,&quot;submenu_icon&quot;:{&quot;value&quot;:&quot;&lt;svg class=\\&quot;e-font-icon-svg e-fas-caret-down\\&quot; viewBox=\\&quot;0 0 320 512\\&quot; xmlns=\\&quot;http:\\\/\\\/www.w3.org\\\/2000\\\/svg\\&quot;&gt;&lt;path d=\\&quot;M31.3 192h257.3c17.8 0 26.7 21.5 14.1 34.1L174.1 354.8c-7.8 7.8-20.5 7.8-28.3 0L17.2 226.1C4.6 213.5 13.5 192 31.3 192z\\&quot;&gt;&lt;\\\/path&gt;&lt;\\\/svg&gt;&quot;,&quot;library&quot;:&quot;fa-solid&quot;},&quot;toggle&quot;:&quot;burger&quot;}\" data-widget_type=\"nav-menu.default\">\n\t\t\t\t<div class=\"elementor-widget-container\">\n\t\t\t<link rel=\"stylesheet\" href=\"https:\/\/lveel.com.tr\/test\/wp-content\/uploads\/elementor\/css\/custom-pro-widget-nav-menu.min.css?ver=1711973650\">\t\t\t<nav class=\"elementor-nav-menu--main elementor-nav-menu__container elementor-nav-menu--layout-vertical e--pointer-underline e--animation-fade\">\n\t\t\t\t<ul id=\"menu-1-436d501\" class=\"elementor-nav-menu sm-vertical\"><li class=\"menu-item menu-item-type-post_type menu-item-object-page menu-item-3891\"><a href=\"https:\/\/lveel.com.tr\/test\/aydinlatma-metni\/\" class=\"elementor-item\">Ayd\u0131nlatma Metni<\/a><\/li>\n<li class=\"menu-item menu-item-type-post_type menu-item-object-page menu-item-3905\"><a href=\"https:\/\/lveel.com.tr\/test\/bilgi-guvenligi-politikasi\/\" class=\"elementor-item\">Bilgi G\u00fcvenli\u011fi Politikas\u0131<\/a><\/li>\n<li class=\"menu-item menu-item-type-post_type menu-item-object-page menu-item-3913\"><a href=\"https:\/\/lveel.com.tr\/test\/kvkk-aydinlatma-metni\/\" class=\"elementor-item\">KVKK Ayd\u0131nlatma Metni<\/a><\/li>\n<li class=\"menu-item menu-item-type-post_type menu-item-object-page menu-item-3920\"><a href=\"https:\/\/lveel.com.tr\/test\/iletisim-aydinlatma-metni\/\" class=\"elementor-item\">\u0130leti\u015fim Ayd\u0131nlatma Metni<\/a><\/li>\n<\/ul>\t\t\t<\/nav>\n\t\t\t\t\t<div class=\"elementor-menu-toggle\" role=\"button\" tabindex=\"0\" aria-label=\"Menu Toggle\" aria-expanded=\"false\">\n\t\t\t<svg aria-hidden=\"true\" role=\"presentation\" class=\"elementor-menu-toggle__icon--open e-font-icon-svg e-eicon-menu-bar\" viewBox=\"0 0 1000 1000\" xmlns=\"http:\/\/www.w3.org\/2000\/svg\"><path d=\"M104 333H896C929 333 958 304 958 271S929 208 896 208H104C71 208 42 237 42 271S71 333 104 333ZM104 583H896C929 583 958 554 958 521S929 458 896 458H104C71 458 42 487 42 521S71 583 104 583ZM104 833H896C929 833 958 804 958 771S929 708 896 708H104C71 708 42 737 42 771S71 833 104 833Z\"><\/path><\/svg><svg aria-hidden=\"true\" role=\"presentation\" class=\"elementor-menu-toggle__icon--close e-font-icon-svg e-eicon-close\" viewBox=\"0 0 1000 1000\" xmlns=\"http:\/\/www.w3.org\/2000\/svg\"><path d=\"M742 167L500 408 258 167C246 154 233 150 217 150 196 150 179 158 167 167 154 179 150 196 150 212 150 229 154 242 171 254L408 500 167 742C138 771 138 800 167 829 196 858 225 858 254 829L496 587 738 829C750 842 767 846 783 846 800 846 817 842 829 829 842 817 846 804 846 783 846 767 842 750 829 737L588 500 833 258C863 229 863 200 833 171 804 137 775 137 742 167Z\"><\/path><\/svg>\t\t\t<span class=\"elementor-screen-only\">Men\u00fc<\/span>\n\t\t<\/div>\n\t\t\t\t\t<nav class=\"elementor-nav-menu--dropdown elementor-nav-menu__container\" aria-hidden=\"true\">\n\t\t\t\t<ul id=\"menu-2-436d501\" class=\"elementor-nav-menu sm-vertical\"><li class=\"menu-item menu-item-type-post_type menu-item-object-page menu-item-3891\"><a href=\"https:\/\/lveel.com.tr\/test\/aydinlatma-metni\/\" class=\"elementor-item\" tabindex=\"-1\">Ayd\u0131nlatma Metni<\/a><\/li>\n<li class=\"menu-item menu-item-type-post_type menu-item-object-page menu-item-3905\"><a href=\"https:\/\/lveel.com.tr\/test\/bilgi-guvenligi-politikasi\/\" class=\"elementor-item\" tabindex=\"-1\">Bilgi G\u00fcvenli\u011fi Politikas\u0131<\/a><\/li>\n<li class=\"menu-item menu-item-type-post_type menu-item-object-page menu-item-3913\"><a href=\"https:\/\/lveel.com.tr\/test\/kvkk-aydinlatma-metni\/\" class=\"elementor-item\" tabindex=\"-1\">KVKK Ayd\u0131nlatma Metni<\/a><\/li>\n<li class=\"menu-item menu-item-type-post_type menu-item-object-page menu-item-3920\"><a href=\"https:\/\/lveel.com.tr\/test\/iletisim-aydinlatma-metni\/\" class=\"elementor-item\" tabindex=\"-1\">\u0130leti\u015fim Ayd\u0131nlatma Metni<\/a><\/li>\n<\/ul>\t\t\t<\/nav>\n\t\t\t\t<\/div>\n\t\t\t\t<\/div>\n\t\t\t\t<\/div>\n\t\t<div class=\"elementor-element elementor-element-be56439 e-con-full e-flex e-con e-child\" data-id=\"be56439\" data-element_type=\"container\" data-settings=\"{&quot;_ha_eqh_enable&quot;:false}\">\n\t\t\t\t<div class=\"elementor-element elementor-element-e03a333 elementor-widget elementor-widget-heading\" data-id=\"e03a333\" data-element_type=\"widget\" data-widget_type=\"heading.default\">\n\t\t\t\t<div class=\"elementor-widget-container\">\n\t\t\t<style>\/*! elementor - v3.20.0 - 26-03-2024 *\/\n.elementor-heading-title{padding:0;margin:0;line-height:1}.elementor-widget-heading .elementor-heading-title[class*=elementor-size-]>a{color:inherit;font-size:inherit;line-height:inherit}.elementor-widget-heading .elementor-heading-title.elementor-size-small{font-size:15px}.elementor-widget-heading .elementor-heading-title.elementor-size-medium{font-size:19px}.elementor-widget-heading .elementor-heading-title.elementor-size-large{font-size:29px}.elementor-widget-heading .elementor-heading-title.elementor-size-xl{font-size:39px}.elementor-widget-heading .elementor-heading-title.elementor-size-xxl{font-size:59px}<\/style><h2 class=\"elementor-heading-title elementor-size-default\">Bilgi G\u00fcvenli\u011fi Politikas\u0131<\/h2>\t\t<\/div>\n\t\t\t\t<\/div>\n\t\t\t\t<div class=\"elementor-element elementor-element-29ebf45 elementor-widget elementor-widget-text-editor\" data-id=\"29ebf45\" data-element_type=\"widget\" data-widget_type=\"text-editor.default\">\n\t\t\t\t<div class=\"elementor-widget-container\">\n\t\t\t<style>\/*! elementor - v3.20.0 - 26-03-2024 *\/\n.elementor-widget-text-editor.elementor-drop-cap-view-stacked .elementor-drop-cap{background-color:#69727d;color:#fff}.elementor-widget-text-editor.elementor-drop-cap-view-framed .elementor-drop-cap{color:#69727d;border:3px solid;background-color:transparent}.elementor-widget-text-editor:not(.elementor-drop-cap-view-default) .elementor-drop-cap{margin-top:8px}.elementor-widget-text-editor:not(.elementor-drop-cap-view-default) .elementor-drop-cap-letter{width:1em;height:1em}.elementor-widget-text-editor .elementor-drop-cap{float:left;text-align:center;line-height:1;font-size:50px}.elementor-widget-text-editor .elementor-drop-cap-letter{display:inline-block}<\/style>\t\t\t\t<p><strong>B\u0130LG\u0130 G\u00dcVENL\u0130\u011e\u0130 POL\u0130T\u0130KASI<\/strong><\/p><ol><li><strong>Ama\u00e7 :\u00a0<\/strong>Bu politikan\u0131n amac\u0131, hukuka, yasal, d\u00fczenleyici ya da s\u00f6zle\u015fmeye tabi y\u00fck\u00fcml\u00fcl\u00fcklere ve her t\u00fcrl\u00fc g\u00fcvenlik gereksinimlerine ili\u015fkin ihlalleri \u00f6nlemek i\u00e7in, \u00fcst y\u00f6netimin yakla\u015f\u0131m\u0131n\u0131 ve hedeflerini tan\u0131mlamak, t\u00fcm \u00e7al\u0131\u015fanlara ve ilgili taraflara bu hedefleri bildirmektir.<\/li><li><strong>Kapsam :\u00a0<\/strong>Bu politika \u015eirket b\u00fcnyesinde yap\u0131lan ticari faaliyetlere ve bu i\u015flemlere ili\u015fkin lojistik, depolama, muhasebe, finans, kalite g\u00fcvence, sat\u0131n alma, insan kaynaklar\u0131, hukuk, sat\u0131\u015f, pazarlama, i\u00e7 denetim ve bilgi i\u015flem faaliyetlerinden elde edilen elektronik bilgi varl\u0131klar\u0131n korunmas\u0131, \u015firket b\u00fcnyesinde tutulan ki\u015fisel verilerin kanun kapsam\u0131nda i\u015flenmesi, saklanmas\u0131, korunmas\u0131, gizlili\u011finin ve b\u00fct\u00fcnl\u00fc\u011f\u00fcn\u00fcn bozulmamas\u0131 i\u00e7in kulland\u0131\u011f\u0131 bilgi g\u00fcvenli\u011fi s\u00fcre\u00e7lerini kapsar.<\/li><li><strong>Tan\u0131mlar<\/strong><\/li><\/ol><p><strong>3.1. BGYS:\u00a0<\/strong>Bilgi G\u00fcvenli\u011fi Y\u00f6netim Sistemi.<\/p><p><strong>3.2. Envanter:\u00a0<\/strong>Firma i\u00e7in \u00f6nemli olan her t\u00fcrl\u00fc bilgi varl\u0131\u011f\u0131.<\/p><p><strong>3.4. Know-How:\u00a0<\/strong>Bir \u015feyi yapabilme yetkinli\u011fidir.<\/p><p><strong>3.5. Bilgi G\u00fcvenli\u011fi:\u00a0<\/strong>Bilgi, t\u00fcm di\u011fer kurumsal ve ticari varl\u0131klar gibi, bir i\u015fletme i\u00e7in de\u011feri olan ve bu nedenle uygun \u015fekilde korunmas\u0131 gereken bir varl\u0131kt\u0131r. \u015eirket i\u00e7erisinde, know-how, s\u00fcre\u00e7, form\u00fcl, teknik ve y\u00f6ntem, m\u00fc\u015fteri kay\u0131tlar\u0131, pazarlama ve sat\u0131\u015f bilgileri, personel bilgileri, ticari, s\u0131nai ve teknolojik bilgiler ve s\u0131rlar G\u0130ZL\u0130 B\u0130LG\u0130 olarak kabul edilir.<\/p><p><strong>3.6. Gizlilik:\u00a0<\/strong>Bilginin i\u00e7eri\u011finin g\u00f6r\u00fcnt\u00fclenmesinin, sadece bilgiyi\/veriyi g\u00f6r\u00fcnt\u00fclemeye izin verilen ki\u015filerin eri\u015fimi ile k\u0131s\u0131tlanmas\u0131d\u0131r<\/p><p><strong>3.7. B\u00fct\u00fcnl\u00fck:\u00a0<\/strong>Bilginin yetkisiz veya yanl\u0131\u015fl\u0131kla de\u011fi\u015ftirilmesinin, silinmesinin veya eklemeler \u00e7\u0131karmalar yap\u0131lmas\u0131n\u0131n tespit edilebilmesi ve tespit edilebilirli\u011fin garanti alt\u0131na al\u0131nmas\u0131d\u0131r.<\/p><p><strong>3.8. Eri\u015filebilirlik\/Kullan\u0131labilirlik:\u00a0<\/strong>Varl\u0131\u011f\u0131n ihtiya\u00e7 duyuldu\u011fu her an kullan\u0131ma haz\u0131r olmas\u0131d\u0131r. Di\u011fer bir ifadeyle, sistemlerin s\u00fcrekli hizmet verebilir halde bulunmas\u0131 ve sistemlerdeki bilginin kaybolmamas\u0131 ve s\u00fcrekli eri\u015filebilir olmas\u0131d\u0131r.<\/p><p><strong>3.9. Bilgi Varl\u0131\u011f\u0131:\u00a0<\/strong>\u015eirket\u2019in sahip oldu\u011fu, faaliyetlerini aksatmadan y\u00fcr\u00fctebilmesi i\u00e7in \u00f6nemli olan varl\u0131klard\u0131r. Bu politikaya konu olan s\u00fcre\u00e7ler kapsam\u0131nda bilgi varl\u0131klar\u0131 \u015funlard\u0131r:<\/p><p><strong>3.9.1.\u00a0<\/strong>Ka\u011f\u0131t, elektronik, g\u00f6rsel veya i\u015fitsel ortamda sunulan her t\u00fcrl\u00fc bilgi ve veri,<\/p><p><strong>3.9.2.\u00a0<\/strong>Bilgiye eri\u015fmek ve bilgiyi de\u011fi\u015ftirmek i\u00e7in kullan\u0131lan her t\u00fcrl\u00fc yaz\u0131l\u0131m ve donan\u0131m,<\/p><p><strong>3.9.3.\u00a0<\/strong>Bilginin transfer edilmesini sa\u011flayan a\u011flar,<\/p><p><strong>3.9.4.\u00a0<\/strong>Tesisler ve \u00f6zel alanlar,<\/p><p><strong>3.9.5.\u00a0<\/strong>B\u00f6l\u00fcmler, birimler, ekipler ve \u00e7al\u0131\u015fanlar,<\/p><p><strong>3.9.6.\u00a0<\/strong>\u00c7\u00f6z\u00fcm ortaklar\u0131,<\/p><p><strong>3.9.7.\u00a0<\/strong>\u00dc\u00e7\u00fcnc\u00fc taraflardan sa\u011flanan servis, hizmet veya \u00fcr\u00fcnlerdir.<\/p><ol start=\"4\"><li><strong>Sorumluluklar\u00a0<\/strong>Sorumluluk ve yetkileri belirlenmi\u015f g\u00f6revlerin nitelik ve yeterlilikleri g\u00f6rev tan\u0131mlar\u0131nda tan\u0131mlanm\u0131\u015ft\u0131r. Bilgi g\u00fcvenli\u011fi ile ilgili faaliyetlerin s\u00fcrd\u00fcr\u00fclmesinden ve geli\u015ftirilmesinden \u00dcst Y\u00f6netim sorumludur<\/li><\/ol><p><strong>4.1. Y\u00f6netim Sorumlulu\u011fu<\/strong><\/p><p><strong>4.1.1.\u00a0<\/strong>\u015eirket Y\u00f6netimi, tan\u0131mlanm\u0131\u015f, y\u00fcr\u00fcrl\u00fc\u011fe konmu\u015f ve uygulanmakta olan Bilgi G\u00fcvenli\u011fi Sistemine uyaca\u011f\u0131n\u0131 ve sistemin verimli \u015fekilde \u00e7al\u0131\u015fmas\u0131 i\u00e7in gerekli kaynaklar\u0131 tahsis edece\u011fini, sistemin t\u00fcm \u00e7al\u0131\u015fanlar taraf\u0131ndan anla\u015f\u0131lmas\u0131n\u0131n sa\u011flayaca\u011f\u0131n\u0131 taahh\u00fct eder.<\/p><p><strong>4.1.3.\u00a0<\/strong>Y\u00f6netim g\u00fcvenlik konusunda alt kademelerde bulunan personele sorumluluk verme ve \u00f6rnek olma a\u00e7\u0131s\u0131ndan yard\u0131mc\u0131 olurlar. \u00dcst kademelerden ba\u015flayan ve uygulanan anlay\u0131\u015f, firman\u0131n en alt kademe personeline kadar inilmesi zorunludur. Bu y\u00fczden t\u00fcm y\u00f6neticiler yaz\u0131l\u0131 yada s\u00f6zl\u00fc olarak g\u00fcvenlik talimatlar\u0131na uymalar\u0131, g\u00fcvenlik konular\u0131ndaki \u00e7al\u0131\u015fmalara kat\u0131lmalar\u0131 y\u00f6n\u00fcnde \u00e7al\u0131\u015fanlar\u0131na destek olurlar.<\/p><p><strong>4.1.4.\u00a0<\/strong>\u00dcst Y\u00f6netim, Bilgi g\u00fcvenli\u011fi kapsaml\u0131 \u00e7al\u0131\u015fmalar i\u00e7in gerek duyulan b\u00fct\u00e7eyi olu\u015fturur.<\/p><p><strong>4.2. Departman \u00c7al\u0131\u015fanlar\u0131 Sorumlulu\u011fu\u00a0<\/strong>Bilgi G\u00fcvenli\u011fi Politikas\u0131n\u0131n uygulanmas\u0131 ve \u00e7al\u0131\u015fanlar\u0131n esaslara uymas\u0131n\u0131n sa\u011flanmas\u0131ndan, 3. taraflar\u0131n politikadan haberdar olmas\u0131n\u0131n sa\u011flanmas\u0131ndan ve fark etti\u011fi bilgi sistemleri ile ilgili g\u00fcvenlik ihlal olaylar\u0131n\u0131n bildirilmesinden sorumludurlar.<\/p><p><strong>4.5. T\u00fcm \u00c7al\u0131\u015fanlar\u0131n Sorumlulu\u011fu<\/strong><\/p><p><strong>4.5.1.\u00a0<\/strong>\u00c7al\u0131\u015fmalar\u0131n\u0131 bilgi g\u00fcvenli\u011fi hedeflerine, uygun olarak y\u00fcr\u00fctmekten,<\/p><p><strong>4.5.2.\u00a0<\/strong>Kendi birimi ile ilgili bilgi g\u00fcvenli\u011fi hedeflerinin takibini yapar ve hedeflere ula\u015f\u0131lmas\u0131n\u0131 sa\u011flar.<\/p><p><strong>4.5.3.\u00a0<\/strong>Sistemler veya hizmetlerde g\u00f6zlenen veya \u015f\u00fcphelenilen herhangi bir bilgi g\u00fcvenli\u011fi a\u00e7\u0131kl\u0131\u011f\u0131na dikkat etmek ve raporlamaktan,<\/p><p><strong>4.5.4.\u00a0<\/strong>\u00dc\u00e7\u00fcnc\u00fc taraflar ile yap\u0131lan ve Sat\u0131nalma sorumlulu\u011funda olmayan hizmet s\u00f6zle\u015fmelerine (dan\u0131\u015fmanl\u0131k vb.) ilave olarak gizlilik s\u00f6zle\u015fmesi yapmak ve bilgi g\u00fcvenli\u011fi gereksinimlerini sa\u011flamaktan sorumludur.<\/p><p><strong>4.6. \u00dc\u00e7\u00fcnc\u00fc Taraflar\u0131n Sorumlulu\u011fu\u00a0<\/strong>Bilgi g\u00fcvenli\u011fi politikas\u0131n\u0131n bilinmesi ve uygulanmas\u0131 ile BGYS kapsam\u0131nda belirlenen davran\u0131\u015flara uyulmas\u0131ndan sorumludur.<\/p><ol start=\"5\"><li><strong>Bilgi G\u00fcvenli\u011fi Hedefleri\u00a0<\/strong>Bilgi G\u00fcvenli\u011fi Politikas\u0131, \u015eirket \u00e7al\u0131\u015fanlar\u0131na firman\u0131n g\u00fcvenlik gereksinimlerine uygun \u015fekilde hareket etmesi konusunda yol g\u00f6stermek, bilin\u00e7 ve fark\u0131ndal\u0131k seviyelerini artt\u0131rmak ve bu \u015fekilde \u015firketin temel ve destekleyici i\u015f faaliyetlerinin en az kesinti ile devam etmesini sa\u011flamak, g\u00fcvenilirli\u011fini ve imaj\u0131n\u0131 korumak ve \u00fc\u00e7\u00fcnc\u00fc taraflarla yap\u0131lan s\u00f6zle\u015fmelerde belirlenmi\u015f uygunluklar\u0131 sa\u011flamak amac\u0131yla firman\u0131n t\u00fcm i\u015fleyi\u015fini etkileyen fiziksel ve elektronik bilgi varl\u0131klar\u0131n\u0131n korunmas\u0131n\u0131 hedefler.<\/li><li><strong>Risk Y\u00f6netim \u00c7er\u00e7evesi\u00a0<\/strong>Firman\u0131n risk y\u00f6netim \u00e7er\u00e7evesi; Bilgi g\u00fcvenli\u011fi risklerinin tan\u0131mlanmas\u0131n\u0131, de\u011ferlendirilmesini ve i\u015flenmesini kapsar. Risk Analizi, uygulanabilirlik bildirgesi ve risk i\u015fleme plan\u0131, bilgi g\u00fcvenli\u011fi risklerinin nas\u0131l kontrol edildi\u011fini tan\u0131mlar.<\/li><li><strong>Bilgi G\u00fcvenli\u011fi Genel Esaslar\u0131<\/strong><\/li><\/ol><p><strong>7.1.\u00a0<\/strong>Bu politika ile \u00e7er\u00e7evesi \u00e7izilen bilgi g\u00fcvenli\u011fi gereksinimleri ve kurallar\u0131na ili\u015fkin ayr\u0131nt\u0131lar, \u015eirket \u00e7al\u0131\u015fanlar\u0131 ve 3. taraflar bu politika ve prosed\u00fcrleri bilmek ve \u00e7al\u0131\u015fmalar\u0131n\u0131 bu kurallara uygun \u015fekilde y\u00fcr\u00fctmekle y\u00fck\u00fcml\u00fcd\u00fcr.<\/p><p><strong>7.2.\u00a0<\/strong>Bu kural ve politikalar, aksi belirtilmedik\u00e7e, bas\u0131l\u0131 veya elektronik ortamda depolanan ve i\u015flenen t\u00fcm bilgiler ile b\u00fct\u00fcn bilgi sistemlerinin kullan\u0131m\u0131 i\u00e7in dikkate al\u0131nmas\u0131 esast\u0131r.<\/p><p><strong>7.3.\u00a0<\/strong>Bilgi G\u00fcvenli\u011fi Y\u00f6netim Sistemi, TS ISO\/IEC 27001 \u201cBilgi Teknolojisi G\u00fcvenlik Teknikleri (Information Technology Security Techniques) ve Bilgi G\u00fcvenli\u011fi Y\u00f6netim Sistemleri Gereksinimler (Information Security Management Systems Requirements)\u201d standard\u0131n\u0131 temel alarak yap\u0131land\u0131r\u0131l\u0131r ve i\u015fletilir.<\/p><p><strong>7.4.\u00a0<\/strong>BGYS\u2019nin hayata ge\u00e7irilmesi, i\u015fletilmesi ve iyile\u015ftirilmesi \u00e7al\u0131\u015fmalar\u0131n\u0131, ilgili taraflar\u0131n katk\u0131s\u0131yla y\u00fcr\u00fct\u00fcr.<\/p><p><strong>7.5.\u00a0<\/strong>\u015eirket taraf\u0131ndan \u00e7al\u0131\u015fanlara veya 3. taraflara sunulan bilgi sistemleri ve altyap\u0131s\u0131 ile bu sistemler kullan\u0131larak \u00fcretilen her t\u00fcrl\u00fc bilgi, belge ve \u00fcr\u00fcn aksini gerektiren kanun h\u00fck\u00fcmleri veya s\u00f6zle\u015fmeler bulunmad\u0131k\u00e7a \u015firkete aittir.<\/p><p><strong>7.6.\u00a0<\/strong>\u00c7al\u0131\u015fanlar, dan\u0131\u015fmanl\u0131k, hizmet al\u0131m\u0131 (G\u00fcvenlik, servis, yemek, temizlik firmas\u0131 vb.), Tedarik\u00e7i ve Stajyer ile gizlilik anla\u015fmalar\u0131 yap\u0131l\u0131r ya da s\u00f6zle\u015fmelere ilgili maddeler eklenir.<\/p><p><strong>7.7.\u00a0<\/strong>\u0130\u015fe al\u0131m, g\u00f6rev de\u011fi\u015fikli\u011fi ve i\u015ften ayr\u0131lma s\u00fcre\u00e7lerinde uygulanacak bilgi g\u00fcvenli\u011fi kontrolleri belirlenir ve uygulan\u0131r.<\/p><p><strong>7.8.\u00a0<\/strong>\u00c7al\u0131\u015fanlar\u0131n bilgi g\u00fcvenli\u011fi fark\u0131ndal\u0131\u011f\u0131n\u0131 art\u0131racak ve sistemin i\u015fleyi\u015fine katk\u0131da bulunmas\u0131n\u0131 sa\u011flayacak e\u011fitimler d\u00fczenli olarak mevcut \u015firket \u00e7al\u0131\u015fanlar\u0131na ve yeni i\u015fe ba\u015flayan \u00e7al\u0131\u015fanlara verilir.<\/p><p><strong>7.9.\u00a0<\/strong>Bilgi g\u00fcvenli\u011finin ger\u00e7ek ya da \u015f\u00fcpheli t\u00fcm ihlalleri rapor edilir; ihlallere sebep olan uygunsuzluklar tespit edilir, ana sebepleri bulunarak tekrar edilmesini engelleyici \u00f6nlemler al\u0131n\u0131r.<\/p><p><strong>7.10.\u00a0<\/strong>Kurumsal veriler s\u0131n\u0131fland\u0131r\u0131l\u0131r ve her s\u0131n\u0131ftaki verilerin g\u00fcvenlik ihtiya\u00e7lar\u0131 ve kullan\u0131m kurallar\u0131 belirlenir.<\/p><p><strong>7.11.\u00a0<\/strong>G\u00fcvenli alanlarda saklanan varl\u0131klar\u0131n ihtiya\u00e7lar\u0131na paralel fiziksel g\u00fcvenlik kontrolleri uygulan\u0131r.<\/p><p><strong>7.12.\u00a0<\/strong>Firmaya ait bilgi varl\u0131klar\u0131 i\u00e7in firma i\u00e7inde ve d\u0131\u015f\u0131nda maruz kalabilecekleri fiziksel tehditlere kar\u015f\u0131 gerekli kontrol ve politikalar geli\u015ftirilir ve uygulan\u0131r.<\/p><p><strong>7.13.\u00a0<\/strong>Kapasite y\u00f6netimi, \u00fc\u00e7\u00fcnc\u00fc taraflarla ili\u015fkiler, yedekleme, sistem kabul\u00fc ve di\u011fer g\u00fcvenlik s\u00fcre\u00e7lerine ili\u015fkin prosed\u00fcr ve talimatlar geli\u015ftirilir ve uygulan\u0131r.<\/p><p><strong>7.14.\u00a0<\/strong>A\u011f cihazlar\u0131, i\u015fletim sistemleri, sunucular ve uygulamalar i\u00e7in denetim kayd\u0131 \u00fcretme konfig\u00fcrasyonlar\u0131 ilgili sistemlerin g\u00fcvenlik ihtiya\u00e7lar\u0131na paralel bi\u00e7imde ayarlan\u0131r. Denetim kay\u0131tlar\u0131n\u0131n yetkisiz eri\u015fime kar\u015f\u0131 korunmas\u0131 sa\u011flan\u0131r.<\/p><p><strong>7.15.\u00a0<\/strong>Eri\u015fim haklar\u0131 ihtiya\u00e7 nispetinde atan\u0131r. Eri\u015fim kontrol\u00fc i\u00e7in m\u00fcmk\u00fcn olan en g\u00fcvenli teknoloji ve teknikler kullan\u0131l\u0131r.<\/p><p><strong>7.16.\u00a0<\/strong>Sistem temini ve geli\u015ftirilmesinde g\u00fcvenlik gereksinimleri belirlenir, sistem kabul\u00fc veya testlerinde g\u00fcvenlik gereksinimlerinin kar\u015f\u0131lan\u0131p kar\u015f\u0131lanmad\u0131\u011f\u0131 kontrol edilir.<\/p><p><strong>7.17.\u00a0<\/strong>Kritik altyap\u0131 i\u00e7in s\u00fcreklilik planlar\u0131 haz\u0131rlan\u0131r, bak\u0131m\u0131 ve tatbikat\u0131 yap\u0131l\u0131r.<\/p><p><strong>7.18.\u00a0<\/strong>Yasalara, i\u00e7 politika ve prosed\u00fcrlere, teknik g\u00fcvenlik standartlar\u0131na uyum i\u00e7in gerekli s\u00fcre\u00e7ler tasarlan\u0131r, s\u00fcrekli ve periyodik olarak yap\u0131lacak g\u00f6zetim ve denetim faaliyetleri ile uyum g\u00fcvencesi sa\u011flan\u0131r.<\/p><ol start=\"8\"><li><strong>Politikan\u0131n \u0130hlali ve Yapt\u0131r\u0131mlar\u00a0<\/strong>Bilgi G\u00fcvenli\u011fi Politikas\u0131na ve Standartlar\u0131na uyulmad\u0131\u011f\u0131n\u0131n tespit edilmesi durumunda, bu ihlalden sorumlu olan \u00e7al\u0131\u015fanlar i\u00e7in Disiplin Y\u00f6netmeli\u011fi\u2019ne g\u00f6re 3. Taraflar i\u00e7in de ge\u00e7erli olan s\u00f6zle\u015fmelerde ge\u00e7en ilgili maddelerinde belirlenen yapt\u0131r\u0131mlar uygulan\u0131r.<\/li><li><strong>Y\u00f6netimin G\u00f6zden Ge\u00e7irmesi\u00a0<\/strong>G\u00f6zden ge\u00e7irme toplant\u0131lar\u0131 \u00dcst Y\u00f6netim ve Departman y\u00f6neticileri kat\u0131l\u0131m\u0131 ile ger\u00e7ekle\u015ftirilir. Bilgi G\u00fcvenli\u011fi Y\u00f6netim Sisteminin uygunlu\u011funun ve etkinli\u011finin de\u011ferlendirildi\u011fi bu toplant\u0131lar en az y\u0131lda bir kez ger\u00e7ekle\u015ftirilmektedir.<\/li><li><strong>Bilgi G\u00fcvenli\u011fi Politika Dok\u00fcman\u0131 G\u00fcncellenmesi ve G\u00f6zden Ge\u00e7irilmesi<\/strong><\/li><\/ol><p>Politika dok\u00fcman\u0131n\u0131n s\u00fcreklili\u011finin sa\u011flanmas\u0131ndan ve g\u00f6zden ge\u00e7irilmesinden \u00fcst y\u00f6netim sorumludur. Politika ve prosed\u00fcrler en az y\u0131lda bir kez g\u00f6zden ge\u00e7irilmelidir. Bunun d\u0131\u015f\u0131nda sistem yap\u0131s\u0131n\u0131 veya risk de\u011ferlendirmesini etkileyecek herhangi bir de\u011fi\u015fiklikten sonra da g\u00f6zden ge\u00e7irilmeli ve herhangi bir de\u011fi\u015fiklik gerekiyorsa \u00fcst y\u00f6netime onaylat\u0131larak yeni versiyon olarak kay\u0131t alt\u0131na al\u0131nmal\u0131d\u0131r. Her revizyon t\u00fcm kullan\u0131c\u0131lar\u0131n eri\u015febilece\u011fi \u015fekilde yay\u0131nlanmal\u0131d\u0131r.<\/p>\t\t\t\t\t\t<\/div>\n\t\t\t\t<\/div>\n\t\t\t\t<\/div>\n\t\t\t\t\t<\/div>\n\t\t\t\t<\/div>\n\t\t\t\t<\/div>\n\t\t","protected":false},"excerpt":{"rendered":"<p>B\u0130LG\u0130 G\u00dcVENL\u0130\u011e\u0130 POL\u0130T\u0130KASI Ama\u00e7 :\u00a0Bu politikan\u0131n amac\u0131, hukuka, yasal, d\u00fczenleyici ya da s\u00f6zle\u015fmeye tabi y\u00fck\u00fcml\u00fcl\u00fcklere ve her t\u00fcrl\u00fc g\u00fcvenlik gereksinimlerine ili\u015fkin ihlalleri \u00f6nlemek i\u00e7in, \u00fcst y\u00f6netimin yakla\u015f\u0131m\u0131n\u0131 ve hedeflerini tan\u0131mlamak, t\u00fcm \u00e7al\u0131\u015fanlara ve ilgili taraflara bu hedefleri bildirmektir. Kapsam :\u00a0Bu politika \u015eirket b\u00fcnyesinde yap\u0131lan ticari faaliyetlere ve bu i\u015flemlere ili\u015fkin lojistik, depolama, muhasebe, finans, kalite [&hellip;]<\/p>\n","protected":false},"author":1,"featured_media":0,"parent":0,"menu_order":0,"comment_status":"closed","ping_status":"closed","template":"","meta":{"footnotes":""},"categories":[],"class_list":["post-3899","page","type-page","status-publish","hentry"],"lang":"tr","translations":{"tr":3899,"en":4149},"pll_sync_post":[],"_links":{"self":[{"href":"https:\/\/lveel.com.tr\/test\/wp-json\/wp\/v2\/pages\/3899","targetHints":{"allow":["GET"]}}],"collection":[{"href":"https:\/\/lveel.com.tr\/test\/wp-json\/wp\/v2\/pages"}],"about":[{"href":"https:\/\/lveel.com.tr\/test\/wp-json\/wp\/v2\/types\/page"}],"author":[{"embeddable":true,"href":"https:\/\/lveel.com.tr\/test\/wp-json\/wp\/v2\/users\/1"}],"replies":[{"embeddable":true,"href":"https:\/\/lveel.com.tr\/test\/wp-json\/wp\/v2\/comments?post=3899"}],"version-history":[{"count":4,"href":"https:\/\/lveel.com.tr\/test\/wp-json\/wp\/v2\/pages\/3899\/revisions"}],"predecessor-version":[{"id":3904,"href":"https:\/\/lveel.com.tr\/test\/wp-json\/wp\/v2\/pages\/3899\/revisions\/3904"}],"wp:attachment":[{"href":"https:\/\/lveel.com.tr\/test\/wp-json\/wp\/v2\/media?parent=3899"}],"wp:term":[{"taxonomy":"category","embeddable":true,"href":"https:\/\/lveel.com.tr\/test\/wp-json\/wp\/v2\/categories?post=3899"}],"curies":[{"name":"wp","href":"https:\/\/api.w.org\/{rel}","templated":true}]}}